{"id":243315,"date":"2024-09-25T17:07:36","date_gmt":"2024-09-25T17:07:36","guid":{"rendered":"https:\/\/candorhealthed.org\/?page_id=243315"},"modified":"2026-02-12T09:01:56","modified_gmt":"2026-02-12T15:01:56","slug":"community-newsletters","status":"publish","type":"page","link":"https:\/\/candorhealthed.org\/es\/community-newsletters\/","title":{"rendered":"Boletines comunitarios"},"content":{"rendered":"<p>[et_pb_section fb_built=&#8221;1&#8243; _builder_version=&#8221;4.26.0&#8243; _module_preset=&#8221;default&#8221; custom_padding=&#8221;||0px||false|false&#8221; da_disable_devices=&#8221;off|off|off&#8221; global_colors_info=&#8221;{}&#8221; da_is_popup=&#8221;off&#8221; da_exit_intent=&#8221;off&#8221; da_has_close=&#8221;on&#8221; da_alt_close=&#8221;off&#8221; da_dark_close=&#8221;off&#8221; da_not_modal=&#8221;on&#8221; da_is_singular=&#8221;off&#8221; da_with_loader=&#8221;off&#8221; da_has_shadow=&#8221;on&#8221;][et_pb_row _builder_version=&#8221;4.26.1&#8243; _module_preset=&#8221;default&#8221; max_width=&#8221;1280px&#8221; custom_padding=&#8221;||5px|||&#8221; global_colors_info=&#8221;{}&#8221;][et_pb_column type=&#8221;4_4&#8243; _builder_version=&#8221;4.26.0&#8243; _module_preset=&#8221;default&#8221; global_colors_info=&#8221;{}&#8221;][et_pb_text _builder_version=&#8221;4.27.4&#8243; _module_preset=&#8221;default&#8221; header_font=&#8221;|||on|||||&#8221; header_text_align=&#8221;left&#8221; header_text_color=&#8221;#2b3990&#8243; header_font_size=&#8221;52px&#8221; text_orientation=&#8221;center&#8221; header_font_size_tablet=&#8221;31px&#8221; header_font_size_phone=&#8221;28px&#8221; header_font_size_last_edited=&#8221;on|tablet&#8221; locked=&#8221;off&#8221; global_colors_info=&#8221;{}&#8221;]<\/p>\n<h1 style=\"font-weight: 300;\">Community <strong>NEWSLETTER<\/strong>[\/et_pb_text][\/et_pb_column][\/et_pb_row][\/et_pb_section][et_pb_section fb_built=&#8221;1&#8243; _builder_version=&#8221;4.26.0&#8243; _module_preset=&#8221;default&#8221; custom_margin=&#8221;||||false|false&#8221; custom_padding=&#8221;0px||16px||false|false&#8221; da_disable_devices=&#8221;off|off|off&#8221; global_colors_info=&#8221;{}&#8221; da_is_popup=&#8221;off&#8221; da_exit_intent=&#8221;off&#8221; da_has_close=&#8221;on&#8221; da_alt_close=&#8221;off&#8221; da_dark_close=&#8221;off&#8221; da_not_modal=&#8221;on&#8221; da_is_singular=&#8221;off&#8221; da_with_loader=&#8221;off&#8221; da_has_shadow=&#8221;on&#8221;][et_pb_row column_structure=&#8221;2_3,1_3&#8243; use_custom_gutter=&#8221;on&#8221; gutter_width=&#8221;2&#8243; custom_padding_last_edited=&#8221;on|tablet&#8221; _builder_version=&#8221;4.27.0&#8243; _module_preset=&#8221;default&#8221; max_width=&#8221;1280px&#8221; custom_padding=&#8221;4px|||||&#8221; custom_padding_tablet=&#8221;4px||0px||false|false&#8221; custom_padding_phone=&#8221;4px||0px||false|false&#8221; global_colors_info=&#8221;{}&#8221;][et_pb_column type=&#8221;2_3&#8243; _builder_version=&#8221;4.26.0&#8243; _module_preset=&#8221;default&#8221; global_colors_info=&#8221;{}&#8221;][et_pb_text _builder_version=&#8221;4.27.0&#8243; _module_preset=&#8221;default&#8221; text_text_color=&#8221;#1b75bc&#8221; text_font_size=&#8221;19px&#8221; locked=&#8221;off&#8221; global_colors_info=&#8221;{}&#8221;]Stay up to date and subscribe to our Community newsletter! You&#8217;ll get useful information on health education, notifications of upcoming events, and more.[\/et_pb_text][\/et_pb_column][et_pb_column type=&#8221;1_3&#8243; _builder_version=&#8221;4.26.0&#8243; _module_preset=&#8221;default&#8221; global_colors_info=&#8221;{}&#8221;][\/et_pb_column][\/et_pb_row][\/et_pb_section][et_pb_section fb_built=&#8221;1&#8243; use_custom_gutter=&#8221;on&#8221; gutter_width=&#8221;2&#8243; specialty=&#8221;on&#8221; _builder_version=&#8221;4.27.0&#8243; _module_preset=&#8221;default&#8221; inner_max_width=&#8221;1280px&#8221; inner_module_alignment=&#8221;center&#8221; custom_padding=&#8221;11px|||||&#8221; da_disable_devices=&#8221;off|off|off&#8221; global_colors_info=&#8221;{}&#8221; da_is_popup=&#8221;off&#8221; da_exit_intent=&#8221;off&#8221; da_has_close=&#8221;on&#8221; da_alt_close=&#8221;off&#8221; da_dark_close=&#8221;off&#8221; da_not_modal=&#8221;on&#8221; da_is_singular=&#8221;off&#8221; da_with_loader=&#8221;off&#8221; da_has_shadow=&#8221;on&#8221;][et_pb_column type=&#8221;2_3&#8243; specialty_columns=&#8221;2&#8243; _builder_version=&#8221;4.16&#8243; custom_padding=&#8221;|||&#8221; global_colors_info=&#8221;{}&#8221; custom_padding__hover=&#8221;|||&#8221;][et_pb_row_inner column_structure=&#8221;1_3,1_3,1_3&#8243; _builder_version=&#8221;4.27.4&#8243; _module_preset=&#8221;default&#8221; custom_margin=&#8221;3rem||||false|false&#8221; link_option_url=&#8221;https:\/\/zc.vg\/eazyo?m=0&#8243; global_colors_info=&#8221;{}&#8221;][et_pb_column_inner type=&#8221;1_3&#8243; saved_specialty_column_type=&#8221;2_3&#8243; _builder_version=&#8221;4.27.0&#8243; _module_preset=&#8221;default&#8221; global_colors_info=&#8221;{}&#8221;][et_pb_text _builder_version=&#8221;4.27.5&#8243; _module_preset=&#8221;default&#8221; text_font=&#8221;|300|||||||&#8221; text_text_color=&#8221;#2b3990&#8243; text_font_size=&#8221;26px&#8221; text_orientation=&#8221;center&#8221; link_option_url=&#8221;https:\/\/conta.cc\/3Nd480X&#8221; link_option_url_new_window=&#8221;on&#8221; global_colors_info=&#8221;{}&#8221;]<\/p>\n<p>January 2026<\/p>\n<p>[\/et_pb_text][et_pb_image src=&#8221;https:\/\/candorhealthed.org\/wp-content\/uploads\/2024\/09\/Newsletter-icon1-300&#215;300-1.png&#8221; title_text=&#8221;Newsletter-icon1-300&#215;300&#8243; url=&#8221;https:\/\/conta.cc\/3Nd480X&#8221; url_new_window=&#8221;on&#8221; align=&#8221;center&#8221; _builder_version=&#8221;4.27.5&#8243; _module_preset=&#8221;default&#8221; width_tablet=&#8221;40%&#8221; width_phone=&#8221;60%&#8221; width_last_edited=&#8221;on|tablet&#8221; global_colors_info=&#8221;{}&#8221;][\/et_pb_image][\/et_pb_column_inner][et_pb_column_inner type=&#8221;1_3&#8243; saved_specialty_column_type=&#8221;2_3&#8243; _builder_version=&#8221;4.27.0&#8243; _module_preset=&#8221;default&#8221; global_colors_info=&#8221;{}&#8221;][et_pb_text _builder_version=&#8221;4.27.5&#8243; _module_preset=&#8221;default&#8221; text_font=&#8221;|300|||||||&#8221; text_text_color=&#8221;#2b3990&#8243; text_font_size=&#8221;26px&#8221; text_orientation=&#8221;center&#8221; link_option_url=&#8221;https:\/\/conta.cc\/48tn4j6&#8243; link_option_url_new_window=&#8221;on&#8221; hover_enabled=&#8221;0&#8243; global_colors_info=&#8221;{}&#8221; sticky_enabled=&#8221;0&#8243;]<\/p>\n<p>December 2025<\/p>\n<p>[\/et_pb_text][et_pb_image src=&#8221;https:\/\/candorhealthed.org\/wp-content\/uploads\/2024\/09\/Newsletter-icon1-300&#215;300-1.png&#8221; title_text=&#8221;Newsletter-icon1-300&#215;300&#8243; url=&#8221;https:\/\/conta.cc\/48tn4j6&#8243; url_new_window=&#8221;on&#8221; align=&#8221;center&#8221; _builder_version=&#8221;4.27.5&#8243; _module_preset=&#8221;default&#8221; width_tablet=&#8221;40%&#8221; width_phone=&#8221;60%&#8221; width_last_edited=&#8221;on|tablet&#8221; global_colors_info=&#8221;{}&#8221;][\/et_pb_image][\/et_pb_column_inner][et_pb_column_inner type=&#8221;1_3&#8243; saved_specialty_column_type=&#8221;2_3&#8243; _builder_version=&#8221;4.27.4&#8243; _module_preset=&#8221;default&#8221; global_colors_info=&#8221;{}&#8221;][et_pb_text _builder_version=&#8221;4.27.5&#8243; _module_preset=&#8221;default&#8221; text_font=&#8221;|300|||||||&#8221; text_text_color=&#8221;#2b3990&#8243; text_font_size=&#8221;26px&#8221; text_orientation=&#8221;center&#8221; link_option_url=&#8221;https:\/\/conta.cc\/4oESKIM&#8221; link_option_url_new_window=&#8221;on&#8221; global_colors_info=&#8221;{}&#8221;]<\/p>\n<p>November 2025<\/p>\n<p>[\/et_pb_text][et_pb_image src=&#8221;https:\/\/candorhealthed.org\/wp-content\/uploads\/2024\/09\/Newsletter-icon1-300&#215;300-1.png&#8221; title_text=&#8221;Newsletter-icon1-300&#215;300&#8243; url=&#8221;https:\/\/conta.cc\/4oESKIM&#8221; url_new_window=&#8221;on&#8221; align=&#8221;center&#8221; _builder_version=&#8221;4.27.5&#8243; _module_preset=&#8221;default&#8221; width_tablet=&#8221;40%&#8221; width_phone=&#8221;60%&#8221; width_last_edited=&#8221;on|tablet&#8221; global_colors_info=&#8221;{}&#8221;][\/et_pb_image][\/et_pb_column_inner][\/et_pb_row_inner][\/et_pb_column][et_pb_column type=&#8221;1_3&#8243; _builder_version=&#8221;4.16&#8243; custom_padding=&#8221;|||&#8221; global_colors_info=&#8221;{}&#8221; custom_padding__hover=&#8221;|||&#8221;][et_pb_button button_url=&#8221;https:\/\/lp.constantcontactpages.com\/sl\/ALKrUJZ\/candorcommunitynewsletter&#8221; url_new_window=&#8221;on&#8221; button_text=&#8221;Sign up for our Community Newsletter!&#8221; _builder_version=&#8221;4.27.5&#8243; _module_preset=&#8221;default&#8221; custom_button=&#8221;on&#8221; button_text_color=&#8221;#FFFFFF&#8221; button_bg_color=&#8221;#1b75bc&#8221; button_border_width=&#8221;0px&#8221; button_border_radius=&#8221;27px&#8221; custom_margin=&#8221;30px||||false|false&#8221; global_colors_info=&#8221;{}&#8221;][\/et_pb_button][\/et_pb_column][\/et_pb_section]<\/p>\n","protected":false},"excerpt":{"rendered":"<p>Community NEWSLETTERStay up to date and subscribe to our Community newsletter! You&#8217;ll get useful information on health education, notifications of upcoming events, and more.January 2026December 2025November 2025<\/p>","protected":false},"author":1,"featured_media":0,"parent":0,"menu_order":0,"comment_status":"closed","ping_status":"closed","template":"","meta":{"_acf_changed":false,"_et_pb_use_builder":"on","_et_pb_old_content":"","_et_gb_content_width":"","footnotes":""},"class_list":["post-243315","page","type-page","status-publish","hentry"],"acf":[],"yoast_head":"<!-- This site is optimized with the Yoast SEO Premium plugin v27.3 (Yoast SEO v27.3) - https:\/\/yoast.com\/product\/yoast-seo-premium-wordpress\/ -->\n<title>Community Newsletters - Candor Health Education<\/title>\n<meta name=\"robots\" content=\"index, follow, max-snippet:-1, max-image-preview:large, max-video-preview:-1\" \/>\n<link rel=\"canonical\" href=\"https:\/\/candorhealthed.org\/es\/community-newsletters\/\" \/>\n<meta property=\"og:locale\" content=\"es_ES\" \/>\n<meta property=\"og:type\" content=\"article\" \/>\n<meta property=\"og:title\" content=\"Community Newsletters\" \/>\n<meta property=\"og:description\" content=\"Community NEWSLETTERStay up to date and subscribe to our Community newsletter! You&#039;ll get useful information on health education, notifications of upcoming events, and more.January 2026December 2025November 2025\" \/>\n<meta property=\"og:url\" content=\"https:\/\/candorhealthed.org\/es\/wp-json\/wp\/v2\/pages\/243315\" \/>\n<meta property=\"og:site_name\" content=\"Candor Health Education\" \/>\n<meta property=\"article:publisher\" content=\"https:\/\/www.facebook.com\/CandorHealthEd\" \/>\n<meta property=\"article:modified_time\" content=\"2026-02-12T15:01:56+00:00\" \/>\n<meta property=\"og:image\" content=\"https:\/\/candorhealthed.org\/wp-content\/uploads\/2025\/02\/Candor-OG-Tag.jpg\" \/>\n\t<meta property=\"og:image:width\" content=\"1200\" \/>\n\t<meta property=\"og:image:height\" content=\"630\" \/>\n\t<meta property=\"og:image:type\" content=\"image\/jpeg\" \/>\n<meta name=\"twitter:card\" content=\"summary_large_image\" \/>\n<meta name=\"twitter:site\" content=\"@candorhealthed\" \/>\n<meta name=\"twitter:label1\" content=\"Tiempo de lectura\" \/>\n\t<meta name=\"twitter:data1\" content=\"1 minuto\" \/>\n<script type=\"application\/ld+json\" class=\"yoast-schema-graph\">{\"@context\":\"https:\\\/\\\/schema.org\",\"@graph\":[{\"@type\":\"WebPage\",\"@id\":\"https:\\\/\\\/candorhealthed.org\\\/community-newsletters\\\/\",\"url\":\"https:\\\/\\\/candorhealthed.org\\\/community-newsletters\\\/\",\"name\":\"Community Newsletters - Candor Health Education\",\"isPartOf\":{\"@id\":\"https:\\\/\\\/candorhealthed.org\\\/#website\"},\"datePublished\":\"2024-09-25T17:07:36+00:00\",\"dateModified\":\"2026-02-12T15:01:56+00:00\",\"breadcrumb\":{\"@id\":\"https:\\\/\\\/candorhealthed.org\\\/community-newsletters\\\/#breadcrumb\"},\"inLanguage\":\"es\",\"potentialAction\":[{\"@type\":\"ReadAction\",\"target\":[\"https:\\\/\\\/candorhealthed.org\\\/community-newsletters\\\/\"]}]},{\"@type\":\"BreadcrumbList\",\"@id\":\"https:\\\/\\\/candorhealthed.org\\\/community-newsletters\\\/#breadcrumb\",\"itemListElement\":[{\"@type\":\"ListItem\",\"position\":1,\"name\":\"Candor Health Education\",\"item\":\"https:\\\/\\\/candorhealthed.org\\\/\"},{\"@type\":\"ListItem\",\"position\":2,\"name\":\"Community Newsletters\"}]},{\"@type\":\"WebSite\",\"@id\":\"https:\\\/\\\/candorhealthed.org\\\/#website\",\"url\":\"https:\\\/\\\/candorhealthed.org\\\/\",\"name\":\"Candor Health Education\",\"description\":\"Programs &amp; Resources on Puberty, Sex Ed and Substance Abuse Prevention\",\"publisher\":{\"@id\":\"https:\\\/\\\/candorhealthed.org\\\/#organization\"},\"potentialAction\":[{\"@type\":\"SearchAction\",\"target\":{\"@type\":\"EntryPoint\",\"urlTemplate\":\"https:\\\/\\\/candorhealthed.org\\\/?s={search_term_string}\"},\"query-input\":{\"@type\":\"PropertyValueSpecification\",\"valueRequired\":true,\"valueName\":\"search_term_string\"}}],\"inLanguage\":\"es\"},{\"@type\":\"Organization\",\"@id\":\"https:\\\/\\\/candorhealthed.org\\\/#organization\",\"name\":\"Candor Health Education\",\"url\":\"https:\\\/\\\/candorhealthed.org\\\/\",\"logo\":{\"@type\":\"ImageObject\",\"inLanguage\":\"es\",\"@id\":\"https:\\\/\\\/candorhealthed.org\\\/#\\\/schema\\\/logo\\\/image\\\/\",\"url\":\"https:\\\/\\\/candorhealthed.org\\\/wp-content\\\/uploads\\\/2024\\\/07\\\/50thLogoNEW_Transparent-556x208-1.png\",\"contentUrl\":\"https:\\\/\\\/candorhealthed.org\\\/wp-content\\\/uploads\\\/2024\\\/07\\\/50thLogoNEW_Transparent-556x208-1.png\",\"width\":556,\"height\":208,\"caption\":\"Candor Health Education\"},\"image\":{\"@id\":\"https:\\\/\\\/candorhealthed.org\\\/#\\\/schema\\\/logo\\\/image\\\/\"},\"sameAs\":[\"https:\\\/\\\/www.facebook.com\\\/CandorHealthEd\",\"https:\\\/\\\/x.com\\\/candorhealthed\",\"https:\\\/\\\/www.instagram.com\\\/candorhealthed\\\/\",\"https:\\\/\\\/www.linkedin.com\\\/company\\\/candorhealthed\\\/\",\"https:\\\/\\\/www.pinterest.com\\\/candorhealthed\\\/_created\\\/\"]}]}<\/script>\n<!-- \/ Yoast SEO Premium plugin. -->","yoast_head_json":{"title":"Boletines comunitarios - Candor Health Education","robots":{"index":"index","follow":"follow","max-snippet":"max-snippet:-1","max-image-preview":"max-image-preview:large","max-video-preview":"max-video-preview:-1"},"canonical":"https:\/\/candorhealthed.org\/es\/community-newsletters\/","og_locale":"es_ES","og_type":"article","og_title":"Community Newsletters","og_description":"Community NEWSLETTERStay up to date and subscribe to our Community newsletter! You'll get useful information on health education, notifications of upcoming events, and more.January 2026December 2025November 2025","og_url":"https:\/\/candorhealthed.org\/es\/wp-json\/wp\/v2\/pages\/243315","og_site_name":"Candor Health Education","article_publisher":"https:\/\/www.facebook.com\/CandorHealthEd","article_modified_time":"2026-02-12T15:01:56+00:00","og_image":[{"width":1200,"height":630,"url":"https:\/\/candorhealthed.org\/wp-content\/uploads\/2025\/02\/Candor-OG-Tag.jpg","type":"image\/jpeg"}],"twitter_card":"summary_large_image","twitter_site":"@candorhealthed","twitter_misc":{"Tiempo de lectura":"1 minuto"},"schema":{"@context":"https:\/\/schema.org","@graph":[{"@type":"WebPage","@id":"https:\/\/candorhealthed.org\/community-newsletters\/","url":"https:\/\/candorhealthed.org\/community-newsletters\/","name":"Boletines comunitarios - Candor Health Education","isPartOf":{"@id":"https:\/\/candorhealthed.org\/#website"},"datePublished":"2024-09-25T17:07:36+00:00","dateModified":"2026-02-12T15:01:56+00:00","breadcrumb":{"@id":"https:\/\/candorhealthed.org\/community-newsletters\/#breadcrumb"},"inLanguage":"es","potentialAction":[{"@type":"ReadAction","target":["https:\/\/candorhealthed.org\/community-newsletters\/"]}]},{"@type":"BreadcrumbList","@id":"https:\/\/candorhealthed.org\/community-newsletters\/#breadcrumb","itemListElement":[{"@type":"ListItem","position":1,"name":"Candor Health Education","item":"https:\/\/candorhealthed.org\/"},{"@type":"ListItem","position":2,"name":"Community Newsletters"}]},{"@type":"WebSite","@id":"https:\/\/candorhealthed.org\/#website","url":"https:\/\/candorhealthed.org\/","name":"Candor Educaci\u00f3n para la Salud","description":"Programas y recursos sobre pubertad, educaci\u00f3n sexual y prevenci\u00f3n del abuso de sustancias","publisher":{"@id":"https:\/\/candorhealthed.org\/#organization"},"potentialAction":[{"@type":"SearchAction","target":{"@type":"EntryPoint","urlTemplate":"https:\/\/candorhealthed.org\/?s={search_term_string}"},"query-input":{"@type":"PropertyValueSpecification","valueRequired":true,"valueName":"search_term_string"}}],"inLanguage":"es"},{"@type":"Organization","@id":"https:\/\/candorhealthed.org\/#organization","name":"Candor Educaci\u00f3n para la Salud","url":"https:\/\/candorhealthed.org\/","logo":{"@type":"ImageObject","inLanguage":"es","@id":"https:\/\/candorhealthed.org\/#\/schema\/logo\/image\/","url":"https:\/\/candorhealthed.org\/wp-content\/uploads\/2024\/07\/50thLogoNEW_Transparent-556x208-1.png","contentUrl":"https:\/\/candorhealthed.org\/wp-content\/uploads\/2024\/07\/50thLogoNEW_Transparent-556x208-1.png","width":556,"height":208,"caption":"Candor Health Education"},"image":{"@id":"https:\/\/candorhealthed.org\/#\/schema\/logo\/image\/"},"sameAs":["https:\/\/www.facebook.com\/CandorHealthEd","https:\/\/x.com\/candorhealthed","https:\/\/www.instagram.com\/candorhealthed\/","https:\/\/www.linkedin.com\/company\/candorhealthed\/","https:\/\/www.pinterest.com\/candorhealthed\/_created\/"]}]}},"_links":{"self":[{"href":"https:\/\/candorhealthed.org\/es\/wp-json\/wp\/v2\/pages\/243315","targetHints":{"allow":["GET"]}}],"collection":[{"href":"https:\/\/candorhealthed.org\/es\/wp-json\/wp\/v2\/pages"}],"about":[{"href":"https:\/\/candorhealthed.org\/es\/wp-json\/wp\/v2\/types\/page"}],"author":[{"embeddable":true,"href":"https:\/\/candorhealthed.org\/es\/wp-json\/wp\/v2\/users\/1"}],"replies":[{"embeddable":true,"href":"https:\/\/candorhealthed.org\/es\/wp-json\/wp\/v2\/comments?post=243315"}],"version-history":[{"count":5,"href":"https:\/\/candorhealthed.org\/es\/wp-json\/wp\/v2\/pages\/243315\/revisions"}],"predecessor-version":[{"id":246613,"href":"https:\/\/candorhealthed.org\/es\/wp-json\/wp\/v2\/pages\/243315\/revisions\/246613"}],"wp:attachment":[{"href":"https:\/\/candorhealthed.org\/es\/wp-json\/wp\/v2\/media?parent=243315"}],"curies":[{"name":"wp","href":"https:\/\/api.w.org\/{rel}","templated":true}]}}