{"id":243831,"date":"2024-10-02T17:51:34","date_gmt":"2024-10-02T17:51:34","guid":{"rendered":"https:\/\/candorhealthed.org\/?page_id=243831"},"modified":"2024-10-02T17:51:37","modified_gmt":"2024-10-02T17:51:37","slug":"program-guide-nm","status":"publish","type":"page","link":"https:\/\/candorhealthed.org\/es\/school-information\/programs\/program-guide-nm\/","title":{"rendered":"Gu\u00eda de programas NM"},"content":{"rendered":"<p>[et_pb_section fb_built=&#8221;1&#8243; _builder_version=&#8221;4.27.0&#8243; _module_preset=&#8221;default&#8221; custom_padding=&#8221;105px||90px|||&#8221; global_colors_info=&#8221;{}&#8221; theme_builder_area=&#8221;post_content&#8221; da_is_popup=&#8221;off&#8221; da_exit_intent=&#8221;off&#8221; da_has_close=&#8221;on&#8221; da_alt_close=&#8221;off&#8221; da_dark_close=&#8221;off&#8221; da_not_modal=&#8221;on&#8221; da_is_singular=&#8221;off&#8221; da_with_loader=&#8221;off&#8221; da_has_shadow=&#8221;on&#8221; da_disable_devices=&#8221;off|off|off&#8221;][et_pb_row _builder_version=&#8221;4.27.0&#8243; _module_preset=&#8221;default&#8221; global_colors_info=&#8221;{}&#8221; theme_builder_area=&#8221;post_content&#8221;][et_pb_column type=&#8221;4_4&#8243; _builder_version=&#8221;4.27.0&#8243; _module_preset=&#8221;default&#8221; global_colors_info=&#8221;{}&#8221; theme_builder_area=&#8221;post_content&#8221;][et_pb_code _builder_version=&#8221;4.27.0&#8243; _module_preset=&#8221;default&#8221; hover_enabled=&#8221;0&#8243; global_colors_info=&#8221;{}&#8221; theme_builder_area=&#8221;post_content&#8221; sticky_enabled=&#8221;0&#8243;]<iframe style=\"width:1600px;height:900px\" src=\"https:\/\/online.flipbuilder.com\/oadl\/otnc\/\" seamless=\"seamless\" scrolling=\"no\" frameborder=\"0\" allowtransparency=\"true\" allowfullscreen=\"true\" ><\/iframe>[\/et_pb_code][\/et_pb_column][\/et_pb_row][\/et_pb_section]<\/p>\n","protected":false},"excerpt":{"rendered":"","protected":false},"author":1,"featured_media":0,"parent":242657,"menu_order":0,"comment_status":"closed","ping_status":"closed","template":"","meta":{"_acf_changed":false,"_et_pb_use_builder":"on","_et_pb_old_content":"","_et_gb_content_width":"","footnotes":""},"class_list":["post-243831","page","type-page","status-publish","hentry"],"acf":[],"yoast_head":"<!-- This site is optimized with the Yoast SEO Premium plugin v27.3 (Yoast SEO v27.3) - https:\/\/yoast.com\/product\/yoast-seo-premium-wordpress\/ -->\n<title>Program Guide NM - Candor Health Education<\/title>\n<meta name=\"robots\" content=\"index, follow, max-snippet:-1, max-image-preview:large, max-video-preview:-1\" \/>\n<link rel=\"canonical\" href=\"https:\/\/candorhealthed.org\/es\/school-information\/programs\/program-guide-nm\/\" \/>\n<meta property=\"og:locale\" content=\"es_ES\" \/>\n<meta property=\"og:type\" content=\"article\" \/>\n<meta property=\"og:title\" content=\"Program Guide NM\" \/>\n<meta property=\"og:url\" content=\"https:\/\/candorhealthed.org\/es\/wp-json\/wp\/v2\/pages\/243831\" \/>\n<meta property=\"og:site_name\" content=\"Candor Health Education\" \/>\n<meta property=\"article:publisher\" content=\"https:\/\/www.facebook.com\/CandorHealthEd\" \/>\n<meta property=\"article:modified_time\" content=\"2024-10-02T17:51:37+00:00\" \/>\n<meta property=\"og:image\" content=\"https:\/\/candorhealthed.org\/wp-content\/uploads\/2025\/02\/Candor-OG-Tag.jpg\" \/>\n\t<meta property=\"og:image:width\" content=\"1200\" \/>\n\t<meta property=\"og:image:height\" content=\"630\" \/>\n\t<meta property=\"og:image:type\" content=\"image\/jpeg\" \/>\n<meta name=\"twitter:card\" content=\"summary_large_image\" \/>\n<meta name=\"twitter:site\" content=\"@candorhealthed\" \/>\n<script type=\"application\/ld+json\" class=\"yoast-schema-graph\">{\"@context\":\"https:\\\/\\\/schema.org\",\"@graph\":[{\"@type\":\"WebPage\",\"@id\":\"https:\\\/\\\/candorhealthed.org\\\/school-information\\\/programs\\\/program-guide-nm\\\/\",\"url\":\"https:\\\/\\\/candorhealthed.org\\\/school-information\\\/programs\\\/program-guide-nm\\\/\",\"name\":\"Program Guide NM - Candor Health Education\",\"isPartOf\":{\"@id\":\"https:\\\/\\\/candorhealthed.org\\\/#website\"},\"datePublished\":\"2024-10-02T17:51:34+00:00\",\"dateModified\":\"2024-10-02T17:51:37+00:00\",\"breadcrumb\":{\"@id\":\"https:\\\/\\\/candorhealthed.org\\\/school-information\\\/programs\\\/program-guide-nm\\\/#breadcrumb\"},\"inLanguage\":\"es\",\"potentialAction\":[{\"@type\":\"ReadAction\",\"target\":[\"https:\\\/\\\/candorhealthed.org\\\/school-information\\\/programs\\\/program-guide-nm\\\/\"]}]},{\"@type\":\"BreadcrumbList\",\"@id\":\"https:\\\/\\\/candorhealthed.org\\\/school-information\\\/programs\\\/program-guide-nm\\\/#breadcrumb\",\"itemListElement\":[{\"@type\":\"ListItem\",\"position\":1,\"name\":\"Candor Health Education\",\"item\":\"https:\\\/\\\/candorhealthed.org\\\/\"},{\"@type\":\"ListItem\",\"position\":2,\"name\":\"School Information\",\"item\":\"https:\\\/\\\/candorhealthed.org\\\/school-information\\\/\"},{\"@type\":\"ListItem\",\"position\":3,\"name\":\"Programs\",\"item\":\"https:\\\/\\\/candorhealthed.org\\\/school-information\\\/programs\\\/\"},{\"@type\":\"ListItem\",\"position\":4,\"name\":\"Program Guide NM\"}]},{\"@type\":\"WebSite\",\"@id\":\"https:\\\/\\\/candorhealthed.org\\\/#website\",\"url\":\"https:\\\/\\\/candorhealthed.org\\\/\",\"name\":\"Candor Health Education\",\"description\":\"Programs &amp; Resources on Puberty, Sex Ed and Substance Abuse Prevention\",\"publisher\":{\"@id\":\"https:\\\/\\\/candorhealthed.org\\\/#organization\"},\"potentialAction\":[{\"@type\":\"SearchAction\",\"target\":{\"@type\":\"EntryPoint\",\"urlTemplate\":\"https:\\\/\\\/candorhealthed.org\\\/?s={search_term_string}\"},\"query-input\":{\"@type\":\"PropertyValueSpecification\",\"valueRequired\":true,\"valueName\":\"search_term_string\"}}],\"inLanguage\":\"es\"},{\"@type\":\"Organization\",\"@id\":\"https:\\\/\\\/candorhealthed.org\\\/#organization\",\"name\":\"Candor Health Education\",\"url\":\"https:\\\/\\\/candorhealthed.org\\\/\",\"logo\":{\"@type\":\"ImageObject\",\"inLanguage\":\"es\",\"@id\":\"https:\\\/\\\/candorhealthed.org\\\/#\\\/schema\\\/logo\\\/image\\\/\",\"url\":\"https:\\\/\\\/candorhealthed.org\\\/wp-content\\\/uploads\\\/2024\\\/07\\\/50thLogoNEW_Transparent-556x208-1.png\",\"contentUrl\":\"https:\\\/\\\/candorhealthed.org\\\/wp-content\\\/uploads\\\/2024\\\/07\\\/50thLogoNEW_Transparent-556x208-1.png\",\"width\":556,\"height\":208,\"caption\":\"Candor Health Education\"},\"image\":{\"@id\":\"https:\\\/\\\/candorhealthed.org\\\/#\\\/schema\\\/logo\\\/image\\\/\"},\"sameAs\":[\"https:\\\/\\\/www.facebook.com\\\/CandorHealthEd\",\"https:\\\/\\\/x.com\\\/candorhealthed\",\"https:\\\/\\\/www.instagram.com\\\/candorhealthed\\\/\",\"https:\\\/\\\/www.linkedin.com\\\/company\\\/candorhealthed\\\/\",\"https:\\\/\\\/www.pinterest.com\\\/candorhealthed\\\/_created\\\/\"]}]}<\/script>\n<!-- \/ Yoast SEO Premium plugin. -->","yoast_head_json":{"title":"Program Guide NM - Candor Health Education","robots":{"index":"index","follow":"follow","max-snippet":"max-snippet:-1","max-image-preview":"max-image-preview:large","max-video-preview":"max-video-preview:-1"},"canonical":"https:\/\/candorhealthed.org\/es\/school-information\/programs\/program-guide-nm\/","og_locale":"es_ES","og_type":"article","og_title":"Program Guide NM","og_url":"https:\/\/candorhealthed.org\/es\/wp-json\/wp\/v2\/pages\/243831","og_site_name":"Candor Health Education","article_publisher":"https:\/\/www.facebook.com\/CandorHealthEd","article_modified_time":"2024-10-02T17:51:37+00:00","og_image":[{"width":1200,"height":630,"url":"https:\/\/candorhealthed.org\/wp-content\/uploads\/2025\/02\/Candor-OG-Tag.jpg","type":"image\/jpeg"}],"twitter_card":"summary_large_image","twitter_site":"@candorhealthed","schema":{"@context":"https:\/\/schema.org","@graph":[{"@type":"WebPage","@id":"https:\/\/candorhealthed.org\/school-information\/programs\/program-guide-nm\/","url":"https:\/\/candorhealthed.org\/school-information\/programs\/program-guide-nm\/","name":"Program Guide NM - Candor Health Education","isPartOf":{"@id":"https:\/\/candorhealthed.org\/#website"},"datePublished":"2024-10-02T17:51:34+00:00","dateModified":"2024-10-02T17:51:37+00:00","breadcrumb":{"@id":"https:\/\/candorhealthed.org\/school-information\/programs\/program-guide-nm\/#breadcrumb"},"inLanguage":"es","potentialAction":[{"@type":"ReadAction","target":["https:\/\/candorhealthed.org\/school-information\/programs\/program-guide-nm\/"]}]},{"@type":"BreadcrumbList","@id":"https:\/\/candorhealthed.org\/school-information\/programs\/program-guide-nm\/#breadcrumb","itemListElement":[{"@type":"ListItem","position":1,"name":"Candor Health Education","item":"https:\/\/candorhealthed.org\/"},{"@type":"ListItem","position":2,"name":"School Information","item":"https:\/\/candorhealthed.org\/school-information\/"},{"@type":"ListItem","position":3,"name":"Programs","item":"https:\/\/candorhealthed.org\/school-information\/programs\/"},{"@type":"ListItem","position":4,"name":"Program Guide NM"}]},{"@type":"WebSite","@id":"https:\/\/candorhealthed.org\/#website","url":"https:\/\/candorhealthed.org\/","name":"Candor Educaci\u00f3n para la Salud","description":"Programas y recursos sobre pubertad, educaci\u00f3n sexual y prevenci\u00f3n del abuso de sustancias","publisher":{"@id":"https:\/\/candorhealthed.org\/#organization"},"potentialAction":[{"@type":"SearchAction","target":{"@type":"EntryPoint","urlTemplate":"https:\/\/candorhealthed.org\/?s={search_term_string}"},"query-input":{"@type":"PropertyValueSpecification","valueRequired":true,"valueName":"search_term_string"}}],"inLanguage":"es"},{"@type":"Organization","@id":"https:\/\/candorhealthed.org\/#organization","name":"Candor Educaci\u00f3n para la Salud","url":"https:\/\/candorhealthed.org\/","logo":{"@type":"ImageObject","inLanguage":"es","@id":"https:\/\/candorhealthed.org\/#\/schema\/logo\/image\/","url":"https:\/\/candorhealthed.org\/wp-content\/uploads\/2024\/07\/50thLogoNEW_Transparent-556x208-1.png","contentUrl":"https:\/\/candorhealthed.org\/wp-content\/uploads\/2024\/07\/50thLogoNEW_Transparent-556x208-1.png","width":556,"height":208,"caption":"Candor Health Education"},"image":{"@id":"https:\/\/candorhealthed.org\/#\/schema\/logo\/image\/"},"sameAs":["https:\/\/www.facebook.com\/CandorHealthEd","https:\/\/x.com\/candorhealthed","https:\/\/www.instagram.com\/candorhealthed\/","https:\/\/www.linkedin.com\/company\/candorhealthed\/","https:\/\/www.pinterest.com\/candorhealthed\/_created\/"]}]}},"_links":{"self":[{"href":"https:\/\/candorhealthed.org\/es\/wp-json\/wp\/v2\/pages\/243831","targetHints":{"allow":["GET"]}}],"collection":[{"href":"https:\/\/candorhealthed.org\/es\/wp-json\/wp\/v2\/pages"}],"about":[{"href":"https:\/\/candorhealthed.org\/es\/wp-json\/wp\/v2\/types\/page"}],"author":[{"embeddable":true,"href":"https:\/\/candorhealthed.org\/es\/wp-json\/wp\/v2\/users\/1"}],"replies":[{"embeddable":true,"href":"https:\/\/candorhealthed.org\/es\/wp-json\/wp\/v2\/comments?post=243831"}],"version-history":[{"count":2,"href":"https:\/\/candorhealthed.org\/es\/wp-json\/wp\/v2\/pages\/243831\/revisions"}],"predecessor-version":[{"id":243835,"href":"https:\/\/candorhealthed.org\/es\/wp-json\/wp\/v2\/pages\/243831\/revisions\/243835"}],"up":[{"embeddable":true,"href":"https:\/\/candorhealthed.org\/es\/wp-json\/wp\/v2\/pages\/242657"}],"wp:attachment":[{"href":"https:\/\/candorhealthed.org\/es\/wp-json\/wp\/v2\/media?parent=243831"}],"curies":[{"name":"wp","href":"https:\/\/api.w.org\/{rel}","templated":true}]}}