{"id":244697,"date":"2024-12-17T16:44:30","date_gmt":"2024-12-17T16:44:30","guid":{"rendered":"https:\/\/candorhealthed.org\/?page_id=244697"},"modified":"2026-01-09T10:00:02","modified_gmt":"2026-01-09T16:00:02","slug":"menstrual-supply-drive","status":"publish","type":"page","link":"https:\/\/candorhealthed.org\/es\/events\/menstrual-supply-drive\/","title":{"rendered":"Colecta de suministros menstruales"},"content":{"rendered":"<p>[et_pb_section fb_built=&#8221;1&#8243; _builder_version=&#8221;4.26.0&#8243; _module_preset=&#8221;default&#8221; custom_padding=&#8221;80px||16px||false|false&#8221; da_disable_devices=&#8221;off|off|off&#8221; locked=&#8221;off&#8221; global_colors_info=&#8221;{}&#8221; da_is_popup=&#8221;off&#8221; da_exit_intent=&#8221;off&#8221; da_has_close=&#8221;on&#8221; da_alt_close=&#8221;off&#8221; da_dark_close=&#8221;off&#8221; da_not_modal=&#8221;on&#8221; da_is_singular=&#8221;off&#8221; da_with_loader=&#8221;off&#8221; da_has_shadow=&#8221;on&#8221;][et_pb_row column_structure=&#8221;1_4,3_4&#8243; _builder_version=&#8221;4.27.0&#8243; _module_preset=&#8221;default&#8221; max_width=&#8221;1280px&#8221; custom_padding=&#8221;10px||5px|||&#8221; global_colors_info=&#8221;{}&#8221;][et_pb_column type=&#8221;1_4&#8243; _builder_version=&#8221;4.26.0&#8243; _module_preset=&#8221;default&#8221; global_colors_info=&#8221;{}&#8221;][et_pb_image src=&#8221;https:\/\/candorhealthed.org\/wp-content\/uploads\/2024\/12\/menstprod-579&#215;579-1-150&#215;150-1.png&#8221; title_text=&#8221;menstprod-579&#215;579-1-150&#215;150&#8243; align=&#8221;right&#8221; align_tablet=&#8221;left&#8221; align_phone=&#8221;left&#8221; align_last_edited=&#8221;on|tablet&#8221; _builder_version=&#8221;4.27.0&#8243; _module_preset=&#8221;default&#8221; global_colors_info=&#8221;{}&#8221;][\/et_pb_image][\/et_pb_column][et_pb_column type=&#8221;3_4&#8243; _builder_version=&#8221;4.26.0&#8243; _module_preset=&#8221;default&#8221; global_colors_info=&#8221;{}&#8221;][et_pb_text _builder_version=&#8221;4.27.0&#8243; _module_preset=&#8221;default&#8221; header_font=&#8221;|||on|||||&#8221; header_text_align=&#8221;left&#8221; header_text_color=&#8221;#2b3990&#8243; header_font_size=&#8221;52px&#8221; custom_margin=&#8221;3rem||6px||false|false&#8221; custom_margin_tablet=&#8221;0rem||6px||false|false&#8221; custom_margin_phone=&#8221;0rem||6px||false|false&#8221; custom_margin_last_edited=&#8221;on|tablet&#8221; header_font_size_tablet=&#8221;38px&#8221; header_font_size_phone=&#8221;28px&#8221; header_font_size_last_edited=&#8221;on|tablet&#8221; locked=&#8221;off&#8221; global_colors_info=&#8221;{}&#8221;]<\/p>\n<h1 style=\"font-weight: 300;\">Menstrual Supply<strong>Drive<\/strong><\/h1>\n<p>[\/et_pb_text][\/et_pb_column][\/et_pb_row][\/et_pb_section][et_pb_section fb_built=&#8221;1&#8243; _builder_version=&#8221;4.27.0&#8243; _module_preset=&#8221;default&#8221; custom_padding=&#8221;17px|||||&#8221; da_disable_devices=&#8221;off|off|off&#8221; global_colors_info=&#8221;{}&#8221; da_is_popup=&#8221;off&#8221; da_exit_intent=&#8221;off&#8221; da_has_close=&#8221;on&#8221; da_alt_close=&#8221;off&#8221; da_dark_close=&#8221;off&#8221; da_not_modal=&#8221;on&#8221; da_is_singular=&#8221;off&#8221; da_with_loader=&#8221;off&#8221; da_has_shadow=&#8221;on&#8221;][et_pb_row column_structure=&#8221;1_2,1_2&#8243; _builder_version=&#8221;4.27.0&#8243; _module_preset=&#8221;default&#8221; max_width=&#8221;1280px&#8221; global_colors_info=&#8221;{}&#8221;][et_pb_column type=&#8221;1_2&#8243; _builder_version=&#8221;4.27.0&#8243; _module_preset=&#8221;default&#8221; global_colors_info=&#8221;{}&#8221;][et_pb_text _builder_version=&#8221;4.27.0&#8243; _module_preset=&#8221;default&#8221; text_font_size=&#8221;15px&#8221; header_5_text_color=&#8221;#0C71C3&#8243; header_5_font_size=&#8221;19px&#8221; global_colors_info=&#8221;{}&#8221;]<\/p>\n<p>We&#8217;re proud to provide ongoing support to conquer Period Poverty.<\/p>\n<p><strong>What is Period Poverty?\u00a0<\/strong>Period poverty describes\u00a0the struggle many low-income women and girls face while trying to afford menstrual products. The term also refers to the increased economic vulnerability women and girls face due the financial burden posed by menstrual supplies.<\/p>\n<p><strong>How does this affect students in Illinois?<\/strong>\u00a0Many 4-12 grade students receive supplies from their school during the school year but they are on their own in the summer, so we want to help. How? By collecting and\u00a0 delivering these supplies to our partner schools, who then provide the appropriate supplies to their students.<\/p>\n<p><strong>How can you help?<\/strong>\u00a0Either click on the button below and order the products directly on our Amazon Wishlist and they will be automatically shipped to us. Or, drop off any supplies to our office at:<\/p>\n<h5><strong>15 Spinning Wheel Drive, Hinsdale, IL 60521<\/strong><\/h5>\n<p>Thank you for your support!<\/p>\n<p>[\/et_pb_text][et_pb_button button_url=&#8221;https:\/\/www.amazon.com\/hz\/wishlist\/ls\/17LNNAU4YA1EH?leftNavSection=Shopping&#038;ref_=abls_lnv_sl&#038;source=leftnav&#8221; url_new_window=&#8221;on&#8221; button_text=&#8221;Go to our Amazon Wishlist&#8221; button_alignment=&#8221;left&#8221; button_alignment_tablet=&#8221;left&#8221; button_alignment_phone=&#8221;center&#8221; button_alignment_last_edited=&#8221;on|phone&#8221; _builder_version=&#8221;4.27.5&#8243; _module_preset=&#8221;default&#8221; custom_button=&#8221;on&#8221; button_text_size=&#8221;18px&#8221; button_text_color=&#8221;#FFFFFF&#8221; button_bg_color=&#8221;#2b3990&#8243; button_border_color=&#8221;#2b3990&#8243; button_border_radius=&#8221;50px&#8221; button_font=&#8221;|700|||||||&#8221; button_icon=&#8221;&#xe046;||divi||400&#8243; button_on_hover=&#8221;off&#8221; custom_padding=&#8221;1rem|0rem|1rem|0rem|true|true&#8221; custom_padding_tablet=&#8221;1rem|1rem|1rem|1rem|true|true&#8221; custom_padding_phone=&#8221;1rem|4rem|1rem|4rem|true|true&#8221; custom_padding_last_edited=&#8221;on|phone&#8221; button_text_size_tablet=&#8221;18px&#8221; button_text_size_phone=&#8221;15px&#8221; button_text_size_last_edited=&#8221;on|phone&#8221; button_text_color_last_edited=&#8221;off|desktop&#8221; custom_css_main_element=&#8221;width: 100%;||text-align: center;&#8221; locked=&#8221;off&#8221; global_colors_info=&#8221;{}&#8221; button_text_color__hover_enabled=&#8221;on|desktop&#8221; button_text_color__hover=&#8221;#FFFFFF&#8221;][\/et_pb_button][\/et_pb_column][et_pb_column type=&#8221;1_2&#8243; _builder_version=&#8221;4.27.0&#8243; _module_preset=&#8221;default&#8221; global_colors_info=&#8221;{}&#8221;][et_pb_code _builder_version=&#8221;4.27.0&#8243; _module_preset=&#8221;default&#8221; global_colors_info=&#8221;{}&#8221;]<iframe loading=\"lazy\" width=\"560\" height=\"315\" src=\"https:\/\/www.youtube.com\/embed\/bOjFQjeO7I4?si=h-SXgQEnBnvPFXWA\" title=\"YouTube video player\" frameborder=\"0\" allow=\"accelerometer; autoplay; clipboard-write; encrypted-media; gyroscope; picture-in-picture; web-share\" referrerpolicy=\"strict-origin-when-cross-origin\" allowfullscreen><\/iframe>[\/et_pb_code][\/et_pb_column][\/et_pb_row][\/et_pb_section]<\/p>\n","protected":false},"excerpt":{"rendered":"<p>Menstrual SupplyDriveWe&#8217;re proud to provide ongoing support to conquer Period Poverty. What is Period Poverty?\u00a0Period poverty describes\u00a0the struggle many low-income women and girls face while trying to afford menstrual products. The term also refers to the increased economic vulnerability women and girls face due the financial burden posed by menstrual supplies. How does this affect [&hellip;]<\/p>\n","protected":false},"author":1,"featured_media":0,"parent":9203,"menu_order":0,"comment_status":"closed","ping_status":"closed","template":"","meta":{"_acf_changed":false,"_et_pb_use_builder":"on","_et_pb_old_content":"","_et_gb_content_width":"","footnotes":""},"class_list":["post-244697","page","type-page","status-publish","hentry"],"acf":[],"yoast_head":"<!-- This site is optimized with the Yoast SEO Premium plugin v27.3 (Yoast SEO v27.3) - https:\/\/yoast.com\/product\/yoast-seo-premium-wordpress\/ -->\n<title>Menstrual Supply Drive - Candor Health Education<\/title>\n<meta name=\"robots\" content=\"index, follow, max-snippet:-1, max-image-preview:large, max-video-preview:-1\" \/>\n<link rel=\"canonical\" href=\"https:\/\/candorhealthed.org\/es\/events\/menstrual-supply-drive\/\" \/>\n<meta property=\"og:locale\" content=\"es_ES\" \/>\n<meta property=\"og:type\" content=\"article\" \/>\n<meta property=\"og:title\" content=\"Menstrual Supply Drive\" \/>\n<meta property=\"og:description\" content=\"Menstrual SupplyDriveWe&#039;re proud to provide ongoing support to conquer Period Poverty. What is Period Poverty?\u00a0Period poverty describes\u00a0the struggle many low-income women and girls face while trying to afford menstrual products. The term also refers to the increased economic vulnerability women and girls face due the financial burden posed by menstrual supplies. How does this affect [&hellip;]\" \/>\n<meta property=\"og:url\" content=\"https:\/\/candorhealthed.org\/es\/wp-json\/wp\/v2\/pages\/244697\" \/>\n<meta property=\"og:site_name\" content=\"Candor Health Education\" \/>\n<meta property=\"article:publisher\" content=\"https:\/\/www.facebook.com\/CandorHealthEd\" \/>\n<meta property=\"article:modified_time\" content=\"2026-01-09T16:00:02+00:00\" \/>\n<meta property=\"og:image\" content=\"https:\/\/candorhealthed.org\/wp-content\/uploads\/2025\/02\/Candor-OG-Tag.jpg\" \/>\n\t<meta property=\"og:image:width\" content=\"1200\" \/>\n\t<meta property=\"og:image:height\" content=\"630\" \/>\n\t<meta property=\"og:image:type\" content=\"image\/jpeg\" \/>\n<meta name=\"twitter:card\" content=\"summary_large_image\" \/>\n<meta name=\"twitter:site\" content=\"@candorhealthed\" \/>\n<meta name=\"twitter:label1\" content=\"Tiempo de lectura\" \/>\n\t<meta name=\"twitter:data1\" content=\"1 minuto\" \/>\n<script type=\"application\/ld+json\" class=\"yoast-schema-graph\">{\"@context\":\"https:\\\/\\\/schema.org\",\"@graph\":[{\"@type\":\"WebPage\",\"@id\":\"https:\\\/\\\/candorhealthed.org\\\/events\\\/menstrual-supply-drive\\\/\",\"url\":\"https:\\\/\\\/candorhealthed.org\\\/events\\\/menstrual-supply-drive\\\/\",\"name\":\"Menstrual Supply Drive - Candor Health Education\",\"isPartOf\":{\"@id\":\"https:\\\/\\\/candorhealthed.org\\\/#website\"},\"datePublished\":\"2024-12-17T16:44:30+00:00\",\"dateModified\":\"2026-01-09T16:00:02+00:00\",\"breadcrumb\":{\"@id\":\"https:\\\/\\\/candorhealthed.org\\\/events\\\/menstrual-supply-drive\\\/#breadcrumb\"},\"inLanguage\":\"es\",\"potentialAction\":[{\"@type\":\"ReadAction\",\"target\":[\"https:\\\/\\\/candorhealthed.org\\\/events\\\/menstrual-supply-drive\\\/\"]}]},{\"@type\":\"BreadcrumbList\",\"@id\":\"https:\\\/\\\/candorhealthed.org\\\/events\\\/menstrual-supply-drive\\\/#breadcrumb\",\"itemListElement\":[{\"@type\":\"ListItem\",\"position\":1,\"name\":\"Candor Health Education\",\"item\":\"https:\\\/\\\/candorhealthed.org\\\/\"},{\"@type\":\"ListItem\",\"position\":2,\"name\":\"Events\",\"item\":\"https:\\\/\\\/candorhealthed.org\\\/events\\\/\"},{\"@type\":\"ListItem\",\"position\":3,\"name\":\"Menstrual Supply Drive\"}]},{\"@type\":\"WebSite\",\"@id\":\"https:\\\/\\\/candorhealthed.org\\\/#website\",\"url\":\"https:\\\/\\\/candorhealthed.org\\\/\",\"name\":\"Candor Health Education\",\"description\":\"Programs &amp; Resources on Puberty, Sex Ed and Substance Abuse Prevention\",\"publisher\":{\"@id\":\"https:\\\/\\\/candorhealthed.org\\\/#organization\"},\"potentialAction\":[{\"@type\":\"SearchAction\",\"target\":{\"@type\":\"EntryPoint\",\"urlTemplate\":\"https:\\\/\\\/candorhealthed.org\\\/?s={search_term_string}\"},\"query-input\":{\"@type\":\"PropertyValueSpecification\",\"valueRequired\":true,\"valueName\":\"search_term_string\"}}],\"inLanguage\":\"es\"},{\"@type\":\"Organization\",\"@id\":\"https:\\\/\\\/candorhealthed.org\\\/#organization\",\"name\":\"Candor Health Education\",\"url\":\"https:\\\/\\\/candorhealthed.org\\\/\",\"logo\":{\"@type\":\"ImageObject\",\"inLanguage\":\"es\",\"@id\":\"https:\\\/\\\/candorhealthed.org\\\/#\\\/schema\\\/logo\\\/image\\\/\",\"url\":\"https:\\\/\\\/candorhealthed.org\\\/wp-content\\\/uploads\\\/2024\\\/07\\\/50thLogoNEW_Transparent-556x208-1.png\",\"contentUrl\":\"https:\\\/\\\/candorhealthed.org\\\/wp-content\\\/uploads\\\/2024\\\/07\\\/50thLogoNEW_Transparent-556x208-1.png\",\"width\":556,\"height\":208,\"caption\":\"Candor Health Education\"},\"image\":{\"@id\":\"https:\\\/\\\/candorhealthed.org\\\/#\\\/schema\\\/logo\\\/image\\\/\"},\"sameAs\":[\"https:\\\/\\\/www.facebook.com\\\/CandorHealthEd\",\"https:\\\/\\\/x.com\\\/candorhealthed\",\"https:\\\/\\\/www.instagram.com\\\/candorhealthed\\\/\",\"https:\\\/\\\/www.linkedin.com\\\/company\\\/candorhealthed\\\/\",\"https:\\\/\\\/www.pinterest.com\\\/candorhealthed\\\/_created\\\/\"]}]}<\/script>\n<!-- \/ Yoast SEO Premium plugin. -->","yoast_head_json":{"title":"Menstrual Supply Drive - Candor Health Education","robots":{"index":"index","follow":"follow","max-snippet":"max-snippet:-1","max-image-preview":"max-image-preview:large","max-video-preview":"max-video-preview:-1"},"canonical":"https:\/\/candorhealthed.org\/es\/events\/menstrual-supply-drive\/","og_locale":"es_ES","og_type":"article","og_title":"Menstrual Supply Drive","og_description":"Menstrual SupplyDriveWe're proud to provide ongoing support to conquer Period Poverty. What is Period Poverty?\u00a0Period poverty describes\u00a0the struggle many low-income women and girls face while trying to afford menstrual products. The term also refers to the increased economic vulnerability women and girls face due the financial burden posed by menstrual supplies. How does this affect [&hellip;]","og_url":"https:\/\/candorhealthed.org\/es\/wp-json\/wp\/v2\/pages\/244697","og_site_name":"Candor Health Education","article_publisher":"https:\/\/www.facebook.com\/CandorHealthEd","article_modified_time":"2026-01-09T16:00:02+00:00","og_image":[{"width":1200,"height":630,"url":"https:\/\/candorhealthed.org\/wp-content\/uploads\/2025\/02\/Candor-OG-Tag.jpg","type":"image\/jpeg"}],"twitter_card":"summary_large_image","twitter_site":"@candorhealthed","twitter_misc":{"Tiempo de lectura":"1 minuto"},"schema":{"@context":"https:\/\/schema.org","@graph":[{"@type":"WebPage","@id":"https:\/\/candorhealthed.org\/events\/menstrual-supply-drive\/","url":"https:\/\/candorhealthed.org\/events\/menstrual-supply-drive\/","name":"Menstrual Supply Drive - Candor Health Education","isPartOf":{"@id":"https:\/\/candorhealthed.org\/#website"},"datePublished":"2024-12-17T16:44:30+00:00","dateModified":"2026-01-09T16:00:02+00:00","breadcrumb":{"@id":"https:\/\/candorhealthed.org\/events\/menstrual-supply-drive\/#breadcrumb"},"inLanguage":"es","potentialAction":[{"@type":"ReadAction","target":["https:\/\/candorhealthed.org\/events\/menstrual-supply-drive\/"]}]},{"@type":"BreadcrumbList","@id":"https:\/\/candorhealthed.org\/events\/menstrual-supply-drive\/#breadcrumb","itemListElement":[{"@type":"ListItem","position":1,"name":"Candor Health Education","item":"https:\/\/candorhealthed.org\/"},{"@type":"ListItem","position":2,"name":"Events","item":"https:\/\/candorhealthed.org\/events\/"},{"@type":"ListItem","position":3,"name":"Menstrual Supply Drive"}]},{"@type":"WebSite","@id":"https:\/\/candorhealthed.org\/#website","url":"https:\/\/candorhealthed.org\/","name":"Candor Educaci\u00f3n para la Salud","description":"Programas y recursos sobre pubertad, educaci\u00f3n sexual y prevenci\u00f3n del abuso de sustancias","publisher":{"@id":"https:\/\/candorhealthed.org\/#organization"},"potentialAction":[{"@type":"SearchAction","target":{"@type":"EntryPoint","urlTemplate":"https:\/\/candorhealthed.org\/?s={search_term_string}"},"query-input":{"@type":"PropertyValueSpecification","valueRequired":true,"valueName":"search_term_string"}}],"inLanguage":"es"},{"@type":"Organization","@id":"https:\/\/candorhealthed.org\/#organization","name":"Candor Educaci\u00f3n para la Salud","url":"https:\/\/candorhealthed.org\/","logo":{"@type":"ImageObject","inLanguage":"es","@id":"https:\/\/candorhealthed.org\/#\/schema\/logo\/image\/","url":"https:\/\/candorhealthed.org\/wp-content\/uploads\/2024\/07\/50thLogoNEW_Transparent-556x208-1.png","contentUrl":"https:\/\/candorhealthed.org\/wp-content\/uploads\/2024\/07\/50thLogoNEW_Transparent-556x208-1.png","width":556,"height":208,"caption":"Candor Health Education"},"image":{"@id":"https:\/\/candorhealthed.org\/#\/schema\/logo\/image\/"},"sameAs":["https:\/\/www.facebook.com\/CandorHealthEd","https:\/\/x.com\/candorhealthed","https:\/\/www.instagram.com\/candorhealthed\/","https:\/\/www.linkedin.com\/company\/candorhealthed\/","https:\/\/www.pinterest.com\/candorhealthed\/_created\/"]}]}},"_links":{"self":[{"href":"https:\/\/candorhealthed.org\/es\/wp-json\/wp\/v2\/pages\/244697","targetHints":{"allow":["GET"]}}],"collection":[{"href":"https:\/\/candorhealthed.org\/es\/wp-json\/wp\/v2\/pages"}],"about":[{"href":"https:\/\/candorhealthed.org\/es\/wp-json\/wp\/v2\/types\/page"}],"author":[{"embeddable":true,"href":"https:\/\/candorhealthed.org\/es\/wp-json\/wp\/v2\/users\/1"}],"replies":[{"embeddable":true,"href":"https:\/\/candorhealthed.org\/es\/wp-json\/wp\/v2\/comments?post=244697"}],"version-history":[{"count":5,"href":"https:\/\/candorhealthed.org\/es\/wp-json\/wp\/v2\/pages\/244697\/revisions"}],"predecessor-version":[{"id":246533,"href":"https:\/\/candorhealthed.org\/es\/wp-json\/wp\/v2\/pages\/244697\/revisions\/246533"}],"up":[{"embeddable":true,"href":"https:\/\/candorhealthed.org\/es\/wp-json\/wp\/v2\/pages\/9203"}],"wp:attachment":[{"href":"https:\/\/candorhealthed.org\/es\/wp-json\/wp\/v2\/media?parent=244697"}],"curies":[{"name":"wp","href":"https:\/\/api.w.org\/{rel}","templated":true}]}}