{"id":244895,"date":"2025-02-06T13:23:33","date_gmt":"2025-02-06T19:23:33","guid":{"rendered":"https:\/\/candorhealthed.org\/?page_id=244895"},"modified":"2025-02-06T13:23:37","modified_gmt":"2025-02-06T19:23:37","slug":"puberty-resources-2024","status":"publish","type":"page","link":"https:\/\/candorhealthed.org\/es\/puberty-resources-2024\/","title":{"rendered":"Recursos sobre la pubertad"},"content":{"rendered":"<p>[et_pb_section fb_built=&#8221;1&#8243; _builder_version=&#8221;4.27.4&#8243; _module_preset=&#8221;default&#8221; da_disable_devices=&#8221;off|off|off&#8221; global_colors_info=&#8221;{}&#8221; da_is_popup=&#8221;off&#8221; da_exit_intent=&#8221;off&#8221; da_has_close=&#8221;on&#8221; da_alt_close=&#8221;off&#8221; da_dark_close=&#8221;off&#8221; da_not_modal=&#8221;on&#8221; da_is_singular=&#8221;off&#8221; da_with_loader=&#8221;off&#8221; da_has_shadow=&#8221;on&#8221;][et_pb_row _builder_version=&#8221;4.27.4&#8243; _module_preset=&#8221;default&#8221; global_colors_info=&#8221;{}&#8221;][et_pb_column type=&#8221;4_4&#8243; _builder_version=&#8221;4.27.4&#8243; _module_preset=&#8221;default&#8221; global_colors_info=&#8221;{}&#8221;][et_pb_text _builder_version=&#8221;4.27.0&#8243; _module_preset=&#8221;default&#8221; header_font=&#8221;|||on|||||&#8221; header_text_align=&#8221;left&#8221; header_text_color=&#8221;#2b3990&#8243; header_font_size=&#8221;52px&#8221; text_orientation=&#8221;center&#8221; header_font_size_tablet=&#8221;38px&#8221; header_font_size_phone=&#8221;38px&#8221; header_font_size_last_edited=&#8221;on|tablet&#8221; locked=&#8221;off&#8221; global_colors_info=&#8221;{}&#8221;]<\/p>\n<h1 style=\"font-weight: 300;\">Puberty <strong>Resources<\/strong><\/h1>\n<p>[\/et_pb_text][et_pb_text _builder_version=&#8221;4.27.0&#8243; _module_preset=&#8221;default&#8221; text_text_color=&#8221;#000000&#8243; header_4_text_color=&#8221;#1b75bc&#8221; header_4_font_size=&#8221;30px&#8221; header_4_font_size_tablet=&#8221;34px&#8221; header_4_font_size_phone=&#8221;25px&#8221; header_4_font_size_last_edited=&#8221;on|phone&#8221; locked=&#8221;off&#8221; global_colors_info=&#8221;{}&#8221;]<\/p>\n<h4><strong>Books for Kids<\/strong><\/h4>\n<p><strong><\/strong><\/p>\n<p>[\/et_pb_text][\/et_pb_column][\/et_pb_row][et_pb_row column_structure=&#8221;1_5,1_5,1_5,1_5,1_5&#8243; _builder_version=&#8221;4.27.4&#8243; _module_preset=&#8221;default&#8221; global_colors_info=&#8221;{}&#8221;][et_pb_column type=&#8221;1_5&#8243; _builder_version=&#8221;4.27.4&#8243; _module_preset=&#8221;default&#8221; global_colors_info=&#8221;{}&#8221;][et_pb_image src=&#8221;https:\/\/candorhealthed.org\/wp-content\/uploads\/2025\/02\/youology.jpg&#8221; title_text=&#8221;youology&#8221; url=&#8221;https:\/\/www.amazon.com\/You-ology-Puberty-Guide-Every-Body\/dp\/1610025695&#8243; url_new_window=&#8221;on&#8221; _builder_version=&#8221;4.27.4&#8243; _module_preset=&#8221;default&#8221; global_colors_info=&#8221;{}&#8221;][\/et_pb_image][\/et_pb_column][et_pb_column type=&#8221;1_5&#8243; _builder_version=&#8221;4.27.4&#8243; _module_preset=&#8221;default&#8221; global_colors_info=&#8221;{}&#8221;][et_pb_image src=&#8221;https:\/\/candorhealthed.org\/wp-content\/uploads\/2025\/02\/weneedtotalkaboutvaginas-scaled.jpg&#8221; title_text=&#8221;weneedtotalkaboutvaginas&#8221; url=&#8221;https:\/\/www.amazon.com\/Need-Talk-About-Vaginas-IMPORTANT\/dp\/168449284X&#8221; url_new_window=&#8221;on&#8221; _builder_version=&#8221;4.27.4&#8243; _module_preset=&#8221;default&#8221; global_colors_info=&#8221;{}&#8221;][\/et_pb_image][\/et_pb_column][et_pb_column type=&#8221;1_5&#8243; _builder_version=&#8221;4.27.4&#8243; _module_preset=&#8221;default&#8221; global_colors_info=&#8221;{}&#8221;][et_pb_image src=&#8221;https:\/\/candorhealthed.org\/wp-content\/uploads\/2025\/02\/growingupgreat.jpg&#8221; title_text=&#8221;Version 1.0.0&#8243; url=&#8221;https:\/\/www.amazon.com\/Growing-Up-Great-Ultimate-Puberty\/dp\/1641524642&#8243; url_new_window=&#8221;on&#8221; _builder_version=&#8221;4.27.4&#8243; _module_preset=&#8221;default&#8221; global_colors_info=&#8221;{}&#8221;][\/et_pb_image][\/et_pb_column][et_pb_column type=&#8221;1_5&#8243; _builder_version=&#8221;4.27.4&#8243; _module_preset=&#8221;default&#8221; global_colors_info=&#8221;{}&#8221;][et_pb_image src=&#8221;https:\/\/candorhealthed.org\/wp-content\/uploads\/2025\/02\/careandkeeping.jpeg&#8221; title_text=&#8221;careandkeeping&#8221; url=&#8221;https:\/\/www.amazon.com\/s?k=the+care+and+keeping+of+you&#038;hvadid=580750241447&#038;hvdev=c&#038;hvlocphy=9021668&#038;hvnetw=g&#038;hvqmt=e&#038;hvrand=3022255966998433792&#038;hvtargid=kwd-131566082&#038;hydadcr=22567_13493270&#038;tag=googhydr-20&#038;ref=pd_sl_8i5odn2fhg_e&#8221; url_new_window=&#8221;on&#8221; _builder_version=&#8221;4.27.4&#8243; _module_preset=&#8221;default&#8221; global_colors_info=&#8221;{}&#8221;][\/et_pb_image][\/et_pb_column][et_pb_column type=&#8221;1_5&#8243; _builder_version=&#8221;4.27.4&#8243; _module_preset=&#8221;default&#8221; global_colors_info=&#8221;{}&#8221;][et_pb_image src=&#8221;https:\/\/candorhealthed.org\/wp-content\/uploads\/2025\/02\/guystuff.jpg&#8221; title_text=&#8221;Version 1.0.0&#8243; url=&#8221;https:\/\/www.amazon.com\/s?k=guy+stuff+the+body+book&#038;hvadid=580696621417&#038;hvdev=c&#038;hvlocphy=9021668&#038;hvnetw=g&#038;hvqmt=e&#038;hvrand=14516507796283903773&#038;hvtargid=kwd-375379896606&#038;hydadcr=22563_13493224&#038;tag=googhydr-20&#038;ref=pd_sl_7pqp2rx5o9_e&#8221; url_new_window=&#8221;on&#8221; _builder_version=&#8221;4.27.4&#8243; _module_preset=&#8221;default&#8221; global_colors_info=&#8221;{}&#8221;][\/et_pb_image][\/et_pb_column][\/et_pb_row][et_pb_row _builder_version=&#8221;4.27.4&#8243; _module_preset=&#8221;default&#8221; global_colors_info=&#8221;{}&#8221;][et_pb_column type=&#8221;4_4&#8243; _builder_version=&#8221;4.27.4&#8243; _module_preset=&#8221;default&#8221; global_colors_info=&#8221;{}&#8221;][et_pb_text _builder_version=&#8221;4.27.0&#8243; _module_preset=&#8221;default&#8221; text_text_color=&#8221;#000000&#8243; header_4_text_color=&#8221;#1b75bc&#8221; header_4_font_size=&#8221;30px&#8221; header_4_font_size_tablet=&#8221;34px&#8221; header_4_font_size_phone=&#8221;25px&#8221; header_4_font_size_last_edited=&#8221;on|phone&#8221; locked=&#8221;off&#8221; global_colors_info=&#8221;{}&#8221;]<\/p>\n<h4><strong>Books &amp; Podcasts for Parents &amp; Educators<\/strong><\/h4>\n<p><strong><\/strong><\/p>\n<p>[\/et_pb_text][\/et_pb_column][\/et_pb_row][et_pb_row column_structure=&#8221;1_5,1_5,1_5,1_5,1_5&#8243; _builder_version=&#8221;4.27.4&#8243; _module_preset=&#8221;default&#8221; global_colors_info=&#8221;{}&#8221;][et_pb_column type=&#8221;1_5&#8243; _builder_version=&#8221;4.27.4&#8243; _module_preset=&#8221;default&#8221; global_colors_info=&#8221;{}&#8221;][et_pb_image src=&#8221;https:\/\/candorhealthed.org\/wp-content\/uploads\/2025\/02\/thisissoawkward.jpg&#8221; title_text=&#8221;Version 1.0.0&#8243; url=&#8221;https:\/\/www.amazon.com\/s?k=this+is+so+awkward&#038;hvadid=382582486206&#038;hvdev=c&#038;hvlocphy=9021668&#038;hvnetw=g&#038;hvqmt=e&#038;hvrand=3820829350383934691&#038;hvtargid=kwd-795659339478&#038;hydadcr=27861_10743406&#038;tag=googhydr-20&#038;ref=pd_sl_6b9rlo6xtu_e&#8221; url_new_window=&#8221;on&#8221; _builder_version=&#8221;4.27.4&#8243; _module_preset=&#8221;default&#8221; global_colors_info=&#8221;{}&#8221;][\/et_pb_image][\/et_pb_column][et_pb_column type=&#8221;1_5&#8243; _builder_version=&#8221;4.27.4&#8243; _module_preset=&#8221;default&#8221; global_colors_info=&#8221;{}&#8221;][et_pb_image src=&#8221;https:\/\/candorhealthed.org\/wp-content\/uploads\/2025\/02\/theparentsguidetopuberty.jpg&#8221; title_text=&#8221;theparentsguidetopuberty&#8221; url=&#8221;https:\/\/www.amazon.com\/s?k=parents+guide+to+puberty&#038;hvadid=580635155016&#038;hvdev=c&#038;hvlocphy=9021668&#038;hvnetw=g&#038;hvqmt=e&#038;hvrand=5127211675839000939&#038;hvtargid=kwd-749601643596&#038;hydadcr=22564_13493296&#038;tag=googhydr-20&#038;ref=pd_sl_3e3lvj10h0_e&#8221; url_new_window=&#8221;on&#8221; _builder_version=&#8221;4.27.4&#8243; _module_preset=&#8221;default&#8221; global_colors_info=&#8221;{}&#8221;][\/et_pb_image][\/et_pb_column][et_pb_column type=&#8221;1_5&#8243; _builder_version=&#8221;4.27.4&#8243; _module_preset=&#8221;default&#8221; global_colors_info=&#8221;{}&#8221;][et_pb_image src=&#8221;https:\/\/candorhealthed.org\/wp-content\/uploads\/2025\/02\/pubertypodcast-scaled.jpg&#8221; title_text=&#8221;pubertypodcast&#8221; url=&#8221;https:\/\/open.spotify.com\/episode\/6BW8qymgdzdyLvQ2HM6PQt?si=0ad5000001314a98&#038;nd=1&#038;dlsi=579b0fe86fd24337&#8243; url_new_window=&#8221;on&#8221; _builder_version=&#8221;4.27.4&#8243; _module_preset=&#8221;default&#8221; global_colors_info=&#8221;{}&#8221;][\/et_pb_image][\/et_pb_column][et_pb_column type=&#8221;1_5&#8243; _builder_version=&#8221;4.27.4&#8243; _module_preset=&#8221;default&#8221; global_colors_info=&#8221;{}&#8221;][et_pb_image src=&#8221;https:\/\/candorhealthed.org\/wp-content\/uploads\/2025\/02\/planetpuberty.jpg&#8221; title_text=&#8221;Version 1.0.0&#8243; url=&#8221;https:\/\/www.planetpuberty.org.au\/&#8221; url_new_window=&#8221;on&#8221; _builder_version=&#8221;4.27.4&#8243; _module_preset=&#8221;default&#8221; global_colors_info=&#8221;{}&#8221;][\/et_pb_image][\/et_pb_column][et_pb_column type=&#8221;1_5&#8243; _builder_version=&#8221;4.27.4&#8243; _module_preset=&#8221;default&#8221; global_colors_info=&#8221;{}&#8221;][et_pb_image src=&#8221;https:\/\/candorhealthed.org\/wp-content\/uploads\/2025\/02\/pubertyprof.jpeg&#8221; title_text=&#8221;pubertyprof&#8221; url=&#8221;https:\/\/www.lorireichel.com\/&#8221; url_new_window=&#8221;on&#8221; _builder_version=&#8221;4.27.4&#8243; _module_preset=&#8221;default&#8221; global_colors_info=&#8221;{}&#8221;][\/et_pb_image][\/et_pb_column][\/et_pb_row][\/et_pb_section]<\/p>\n","protected":false},"excerpt":{"rendered":"<p>Recursos sobre la pubertadLibros para ni\u00f1osLibros y podcasts para padres y educadores<\/p>","protected":false},"author":6,"featured_media":0,"parent":0,"menu_order":0,"comment_status":"closed","ping_status":"closed","template":"","meta":{"_acf_changed":false,"_et_pb_use_builder":"on","_et_pb_old_content":"","_et_gb_content_width":"","footnotes":""},"class_list":["post-244895","page","type-page","status-publish","hentry"],"acf":[],"yoast_head":"<!-- This site is optimized with the Yoast SEO Premium plugin v27.3 (Yoast SEO v27.3) - https:\/\/yoast.com\/product\/yoast-seo-premium-wordpress\/ -->\n<title>Puberty Resources - Candor Health Education<\/title>\n<meta name=\"robots\" content=\"index, follow, max-snippet:-1, max-image-preview:large, max-video-preview:-1\" \/>\n<link rel=\"canonical\" href=\"https:\/\/candorhealthed.org\/es\/puberty-resources-2024\/\" \/>\n<meta property=\"og:locale\" content=\"es_ES\" \/>\n<meta property=\"og:type\" content=\"article\" \/>\n<meta property=\"og:title\" content=\"Puberty Resources\" \/>\n<meta property=\"og:description\" content=\"Puberty ResourcesBooks for Kids Books &amp; Podcasts for Parents &amp; Educators\" \/>\n<meta property=\"og:url\" content=\"https:\/\/candorhealthed.org\/es\/wp-json\/wp\/v2\/pages\/244895\" \/>\n<meta property=\"og:site_name\" content=\"Candor Health Education\" \/>\n<meta property=\"article:publisher\" content=\"https:\/\/www.facebook.com\/CandorHealthEd\" \/>\n<meta property=\"article:modified_time\" content=\"2025-02-06T19:23:37+00:00\" \/>\n<meta property=\"og:image\" content=\"https:\/\/candorhealthed.org\/wp-content\/uploads\/2025\/02\/Candor-OG-Tag.jpg\" \/>\n\t<meta property=\"og:image:width\" content=\"1200\" \/>\n\t<meta property=\"og:image:height\" content=\"630\" \/>\n\t<meta property=\"og:image:type\" content=\"image\/jpeg\" \/>\n<meta name=\"twitter:card\" content=\"summary_large_image\" \/>\n<meta name=\"twitter:site\" content=\"@candorhealthed\" \/>\n<meta name=\"twitter:label1\" content=\"Tiempo de lectura\" \/>\n\t<meta name=\"twitter:data1\" content=\"1 minuto\" \/>\n<script type=\"application\/ld+json\" class=\"yoast-schema-graph\">{\"@context\":\"https:\\\/\\\/schema.org\",\"@graph\":[{\"@type\":\"WebPage\",\"@id\":\"https:\\\/\\\/candorhealthed.org\\\/puberty-resources-2024\\\/\",\"url\":\"https:\\\/\\\/candorhealthed.org\\\/puberty-resources-2024\\\/\",\"name\":\"Puberty Resources - Candor Health Education\",\"isPartOf\":{\"@id\":\"https:\\\/\\\/candorhealthed.org\\\/#website\"},\"datePublished\":\"2025-02-06T19:23:33+00:00\",\"dateModified\":\"2025-02-06T19:23:37+00:00\",\"breadcrumb\":{\"@id\":\"https:\\\/\\\/candorhealthed.org\\\/puberty-resources-2024\\\/#breadcrumb\"},\"inLanguage\":\"es\",\"potentialAction\":[{\"@type\":\"ReadAction\",\"target\":[\"https:\\\/\\\/candorhealthed.org\\\/puberty-resources-2024\\\/\"]}]},{\"@type\":\"BreadcrumbList\",\"@id\":\"https:\\\/\\\/candorhealthed.org\\\/puberty-resources-2024\\\/#breadcrumb\",\"itemListElement\":[{\"@type\":\"ListItem\",\"position\":1,\"name\":\"Candor Health Education\",\"item\":\"https:\\\/\\\/candorhealthed.org\\\/\"},{\"@type\":\"ListItem\",\"position\":2,\"name\":\"Puberty Resources\"}]},{\"@type\":\"WebSite\",\"@id\":\"https:\\\/\\\/candorhealthed.org\\\/#website\",\"url\":\"https:\\\/\\\/candorhealthed.org\\\/\",\"name\":\"Candor Health Education\",\"description\":\"Programs &amp; Resources on Puberty, Sex Ed and Substance Abuse Prevention\",\"publisher\":{\"@id\":\"https:\\\/\\\/candorhealthed.org\\\/#organization\"},\"potentialAction\":[{\"@type\":\"SearchAction\",\"target\":{\"@type\":\"EntryPoint\",\"urlTemplate\":\"https:\\\/\\\/candorhealthed.org\\\/?s={search_term_string}\"},\"query-input\":{\"@type\":\"PropertyValueSpecification\",\"valueRequired\":true,\"valueName\":\"search_term_string\"}}],\"inLanguage\":\"es\"},{\"@type\":\"Organization\",\"@id\":\"https:\\\/\\\/candorhealthed.org\\\/#organization\",\"name\":\"Candor Health Education\",\"url\":\"https:\\\/\\\/candorhealthed.org\\\/\",\"logo\":{\"@type\":\"ImageObject\",\"inLanguage\":\"es\",\"@id\":\"https:\\\/\\\/candorhealthed.org\\\/#\\\/schema\\\/logo\\\/image\\\/\",\"url\":\"https:\\\/\\\/candorhealthed.org\\\/wp-content\\\/uploads\\\/2024\\\/07\\\/50thLogoNEW_Transparent-556x208-1.png\",\"contentUrl\":\"https:\\\/\\\/candorhealthed.org\\\/wp-content\\\/uploads\\\/2024\\\/07\\\/50thLogoNEW_Transparent-556x208-1.png\",\"width\":556,\"height\":208,\"caption\":\"Candor Health Education\"},\"image\":{\"@id\":\"https:\\\/\\\/candorhealthed.org\\\/#\\\/schema\\\/logo\\\/image\\\/\"},\"sameAs\":[\"https:\\\/\\\/www.facebook.com\\\/CandorHealthEd\",\"https:\\\/\\\/x.com\\\/candorhealthed\",\"https:\\\/\\\/www.instagram.com\\\/candorhealthed\\\/\",\"https:\\\/\\\/www.linkedin.com\\\/company\\\/candorhealthed\\\/\",\"https:\\\/\\\/www.pinterest.com\\\/candorhealthed\\\/_created\\\/\"]}]}<\/script>\n<!-- \/ Yoast SEO Premium plugin. -->","yoast_head_json":{"title":"Recursos sobre la pubertad - Educaci\u00f3n de salud Candor","robots":{"index":"index","follow":"follow","max-snippet":"max-snippet:-1","max-image-preview":"max-image-preview:large","max-video-preview":"max-video-preview:-1"},"canonical":"https:\/\/candorhealthed.org\/es\/puberty-resources-2024\/","og_locale":"es_ES","og_type":"article","og_title":"Puberty Resources","og_description":"Puberty ResourcesBooks for Kids Books &amp; Podcasts for Parents &amp; Educators","og_url":"https:\/\/candorhealthed.org\/es\/wp-json\/wp\/v2\/pages\/244895","og_site_name":"Candor Health Education","article_publisher":"https:\/\/www.facebook.com\/CandorHealthEd","article_modified_time":"2025-02-06T19:23:37+00:00","og_image":[{"width":1200,"height":630,"url":"https:\/\/candorhealthed.org\/wp-content\/uploads\/2025\/02\/Candor-OG-Tag.jpg","type":"image\/jpeg"}],"twitter_card":"summary_large_image","twitter_site":"@candorhealthed","twitter_misc":{"Tiempo de lectura":"1 minuto"},"schema":{"@context":"https:\/\/schema.org","@graph":[{"@type":"WebPage","@id":"https:\/\/candorhealthed.org\/puberty-resources-2024\/","url":"https:\/\/candorhealthed.org\/puberty-resources-2024\/","name":"Recursos sobre la pubertad - Educaci\u00f3n de salud Candor","isPartOf":{"@id":"https:\/\/candorhealthed.org\/#website"},"datePublished":"2025-02-06T19:23:33+00:00","dateModified":"2025-02-06T19:23:37+00:00","breadcrumb":{"@id":"https:\/\/candorhealthed.org\/puberty-resources-2024\/#breadcrumb"},"inLanguage":"es","potentialAction":[{"@type":"ReadAction","target":["https:\/\/candorhealthed.org\/puberty-resources-2024\/"]}]},{"@type":"BreadcrumbList","@id":"https:\/\/candorhealthed.org\/puberty-resources-2024\/#breadcrumb","itemListElement":[{"@type":"ListItem","position":1,"name":"Candor Health Education","item":"https:\/\/candorhealthed.org\/"},{"@type":"ListItem","position":2,"name":"Puberty Resources"}]},{"@type":"WebSite","@id":"https:\/\/candorhealthed.org\/#website","url":"https:\/\/candorhealthed.org\/","name":"Candor Educaci\u00f3n para la Salud","description":"Programas y recursos sobre pubertad, educaci\u00f3n sexual y prevenci\u00f3n del abuso de sustancias","publisher":{"@id":"https:\/\/candorhealthed.org\/#organization"},"potentialAction":[{"@type":"SearchAction","target":{"@type":"EntryPoint","urlTemplate":"https:\/\/candorhealthed.org\/?s={search_term_string}"},"query-input":{"@type":"PropertyValueSpecification","valueRequired":true,"valueName":"search_term_string"}}],"inLanguage":"es"},{"@type":"Organization","@id":"https:\/\/candorhealthed.org\/#organization","name":"Candor Educaci\u00f3n para la Salud","url":"https:\/\/candorhealthed.org\/","logo":{"@type":"ImageObject","inLanguage":"es","@id":"https:\/\/candorhealthed.org\/#\/schema\/logo\/image\/","url":"https:\/\/candorhealthed.org\/wp-content\/uploads\/2024\/07\/50thLogoNEW_Transparent-556x208-1.png","contentUrl":"https:\/\/candorhealthed.org\/wp-content\/uploads\/2024\/07\/50thLogoNEW_Transparent-556x208-1.png","width":556,"height":208,"caption":"Candor Health Education"},"image":{"@id":"https:\/\/candorhealthed.org\/#\/schema\/logo\/image\/"},"sameAs":["https:\/\/www.facebook.com\/CandorHealthEd","https:\/\/x.com\/candorhealthed","https:\/\/www.instagram.com\/candorhealthed\/","https:\/\/www.linkedin.com\/company\/candorhealthed\/","https:\/\/www.pinterest.com\/candorhealthed\/_created\/"]}]}},"_links":{"self":[{"href":"https:\/\/candorhealthed.org\/es\/wp-json\/wp\/v2\/pages\/244895","targetHints":{"allow":["GET"]}}],"collection":[{"href":"https:\/\/candorhealthed.org\/es\/wp-json\/wp\/v2\/pages"}],"about":[{"href":"https:\/\/candorhealthed.org\/es\/wp-json\/wp\/v2\/types\/page"}],"author":[{"embeddable":true,"href":"https:\/\/candorhealthed.org\/es\/wp-json\/wp\/v2\/users\/6"}],"replies":[{"embeddable":true,"href":"https:\/\/candorhealthed.org\/es\/wp-json\/wp\/v2\/comments?post=244895"}],"version-history":[{"count":4,"href":"https:\/\/candorhealthed.org\/es\/wp-json\/wp\/v2\/pages\/244895\/revisions"}],"predecessor-version":[{"id":244910,"href":"https:\/\/candorhealthed.org\/es\/wp-json\/wp\/v2\/pages\/244895\/revisions\/244910"}],"wp:attachment":[{"href":"https:\/\/candorhealthed.org\/es\/wp-json\/wp\/v2\/media?parent=244895"}],"curies":[{"name":"wp","href":"https:\/\/api.w.org\/{rel}","templated":true}]}}