{"id":8794,"date":"2024-07-16T21:30:01","date_gmt":"2024-07-16T21:30:01","guid":{"rendered":"https:\/\/candorhealthed.org\/?page_id=8794"},"modified":"2025-07-02T10:31:28","modified_gmt":"2025-07-02T15:31:28","slug":"school-information","status":"publish","type":"page","link":"https:\/\/candorhealthed.org\/es\/school-information\/","title":{"rendered":"Informaci\u00f3n escolar"},"content":{"rendered":"<p>[et_pb_section fb_built=&#8221;1&#8243; _builder_version=&#8221;4.26.0&#8243; _module_preset=&#8221;default&#8221; custom_padding=&#8221;8px||0px||false|false&#8221; da_disable_devices=&#8221;off|off|off&#8221; global_colors_info=&#8221;{}&#8221; da_is_popup=&#8221;off&#8221; da_exit_intent=&#8221;off&#8221; da_has_close=&#8221;on&#8221; da_alt_close=&#8221;off&#8221; da_dark_close=&#8221;off&#8221; da_not_modal=&#8221;on&#8221; da_is_singular=&#8221;off&#8221; da_with_loader=&#8221;off&#8221; da_has_shadow=&#8221;on&#8221;][et_pb_row column_structure=&#8221;1_3,1_3,1_3&#8243; _builder_version=&#8221;4.27.0&#8243; _module_preset=&#8221;default&#8221; max_width=&#8221;1280px&#8221; custom_padding=&#8221;||50px|||&#8221; global_colors_info=&#8221;{}&#8221;][et_pb_column type=&#8221;1_3&#8243; _builder_version=&#8221;4.27.0&#8243; _module_preset=&#8221;default&#8221; global_colors_info=&#8221;{}&#8221;][\/et_pb_column][et_pb_column type=&#8221;1_3&#8243; _builder_version=&#8221;4.27.0&#8243; _module_preset=&#8221;default&#8221; global_colors_info=&#8221;{}&#8221;][et_pb_button button_url=&#8221;@ET-DC@eyJkeW5hbWljIjp0cnVlLCJjb250ZW50IjoicG9zdF9saW5rX3VybF9wYWdlIiwic2V0dGluZ3MiOnsicG9zdF9pZCI6IjI0MzMxNSJ9fQ==@&#8221; button_text=&#8221;Subscribe to our Newsletter&#8221; button_alignment=&#8221;left&#8221; button_alignment_tablet=&#8221;left&#8221; button_alignment_phone=&#8221;center&#8221; button_alignment_last_edited=&#8221;on|phone&#8221; _builder_version=&#8221;4.27.0&#8243; _dynamic_attributes=&#8221;button_url&#8221; _module_preset=&#8221;default&#8221; custom_button=&#8221;on&#8221; button_text_size=&#8221;15px&#8221; button_text_color=&#8221;#FFFFFF&#8221; button_bg_color=&#8221;#2b3990&#8243; button_border_color=&#8221;#2b3990&#8243; button_border_radius=&#8221;50px&#8221; button_font=&#8221;|700|||||||&#8221; button_icon=&#8221;&#xe046;||divi||400&#8243; button_on_hover=&#8221;off&#8221; custom_padding=&#8221;0.8rem|0rem|0.8rem|0rem|true|true&#8221; custom_padding_tablet=&#8221;1rem|1rem|1rem|1rem|true|true&#8221; custom_padding_phone=&#8221;1rem|4rem|1rem|4rem|true|true&#8221; custom_padding_last_edited=&#8221;on|phone&#8221; button_text_size_tablet=&#8221;18px&#8221; button_text_size_phone=&#8221;15px&#8221; button_text_size_last_edited=&#8221;on|phone&#8221; button_border_color_last_edited=&#8221;off|desktop&#8221; custom_css_main_element=&#8221;width: 100%;||text-align: center;&#8221; locked=&#8221;off&#8221; global_colors_info=&#8221;{}&#8221; button_text_color__hover=&#8221;#FFFFFF&#8221; button_text_color__hover_enabled=&#8221;on|desktop&#8221; button_bg_color__hover_enabled=&#8221;on|hover&#8221; button_bg_color__hover=&#8221;#1b75bc&#8221; button_bg_enable_color__hover=&#8221;on&#8221; button_border_color__hover_enabled=&#8221;on|hover&#8221; button_border_color__hover=&#8221;#1b75bc&#8221;][\/et_pb_button][\/et_pb_column][et_pb_column type=&#8221;1_3&#8243; _builder_version=&#8221;4.27.0&#8243; _module_preset=&#8221;default&#8221; global_colors_info=&#8221;{}&#8221;][et_pb_button button_url=&#8221;@ET-DC@eyJkeW5hbWljIjp0cnVlLCJjb250ZW50IjoicG9zdF9saW5rX3VybF9wYWdlIiwic2V0dGluZ3MiOnsicG9zdF9pZCI6IjI0MzI2NSJ9fQ==@&#8221; button_text=&#8221;View our Printable Program Guide&#8221; button_alignment=&#8221;left&#8221; button_alignment_tablet=&#8221;left&#8221; button_alignment_phone=&#8221;center&#8221; button_alignment_last_edited=&#8221;on|phone&#8221; _builder_version=&#8221;4.27.0&#8243; _dynamic_attributes=&#8221;button_url&#8221; _module_preset=&#8221;default&#8221; custom_button=&#8221;on&#8221; button_text_size=&#8221;15px&#8221; button_text_color=&#8221;#FFFFFF&#8221; button_bg_color=&#8221;#2b3990&#8243; button_border_color=&#8221;#2b3990&#8243; button_border_radius=&#8221;50px&#8221; button_font=&#8221;|700|||||||&#8221; button_icon=&#8221;&#xe046;||divi||400&#8243; button_on_hover=&#8221;off&#8221; custom_padding=&#8221;0.8rem|0rem|0.8rem|0rem|true|true&#8221; custom_padding_tablet=&#8221;1rem|1rem|1rem|1rem|true|true&#8221; custom_padding_phone=&#8221;1rem|4rem|1rem|4rem|true|true&#8221; custom_padding_last_edited=&#8221;on|phone&#8221; button_text_size_tablet=&#8221;18px&#8221; button_text_size_phone=&#8221;15px&#8221; button_text_size_last_edited=&#8221;on|phone&#8221; button_border_color_last_edited=&#8221;off|desktop&#8221; custom_css_main_element=&#8221;width: 100%;||text-align: center;&#8221; locked=&#8221;off&#8221; global_colors_info=&#8221;{}&#8221; button_text_color__hover=&#8221;#FFFFFF&#8221; button_text_color__hover_enabled=&#8221;on|desktop&#8221; button_bg_color__hover_enabled=&#8221;on|hover&#8221; button_bg_color__hover=&#8221;#1b75bc&#8221; button_bg_enable_color__hover=&#8221;on&#8221; button_border_color__hover_enabled=&#8221;on|hover&#8221; button_border_color__hover=&#8221;#1b75bc&#8221;][\/et_pb_button][\/et_pb_column][\/et_pb_row][et_pb_row _builder_version=&#8221;4.27.0&#8243; _module_preset=&#8221;default&#8221; max_width=&#8221;1280px&#8221; custom_padding=&#8221;||5px|||&#8221; global_colors_info=&#8221;{}&#8221;][et_pb_column type=&#8221;4_4&#8243; _builder_version=&#8221;4.26.0&#8243; _module_preset=&#8221;default&#8221; global_colors_info=&#8221;{}&#8221;][et_pb_text _builder_version=&#8221;4.27.0&#8243; _module_preset=&#8221;default&#8221; header_font=&#8221;|||on|||||&#8221; header_text_align=&#8221;left&#8221; header_text_color=&#8221;#2b3990&#8243; header_font_size=&#8221;52px&#8221; text_orientation=&#8221;center&#8221; header_font_size_tablet=&#8221;38px&#8221; header_font_size_phone=&#8221;25px&#8221; header_font_size_last_edited=&#8221;on|tablet&#8221; locked=&#8221;off&#8221; global_colors_info=&#8221;{}&#8221;]<\/p>\n<h1 style=\"font-weight: 300;\">School\u00a0<strong>Information<\/strong><\/h1>\n<p>[\/et_pb_text][\/et_pb_column][\/et_pb_row][\/et_pb_section][et_pb_section fb_built=&#8221;1&#8243; _builder_version=&#8221;4.26.0&#8243; _module_preset=&#8221;default&#8221; custom_margin=&#8221;||||false|false&#8221; custom_padding=&#8221;0px||27px||false|false&#8221; da_disable_devices=&#8221;off|off|off&#8221; global_colors_info=&#8221;{}&#8221; da_is_popup=&#8221;off&#8221; da_exit_intent=&#8221;off&#8221; da_has_close=&#8221;on&#8221; da_alt_close=&#8221;off&#8221; da_dark_close=&#8221;off&#8221; da_not_modal=&#8221;on&#8221; da_is_singular=&#8221;off&#8221; da_with_loader=&#8221;off&#8221; da_has_shadow=&#8221;on&#8221;][et_pb_row column_structure=&#8221;1_2,1_2&#8243; use_custom_gutter=&#8221;on&#8221; gutter_width=&#8221;2&#8243; _builder_version=&#8221;4.26.1&#8243; _module_preset=&#8221;default&#8221; max_width=&#8221;1280px&#8221; custom_padding=&#8221;4px|||||&#8221; global_colors_info=&#8221;{}&#8221;][et_pb_column type=&#8221;1_2&#8243; _builder_version=&#8221;4.26.0&#8243; _module_preset=&#8221;default&#8221; global_colors_info=&#8221;{}&#8221;][et_pb_text _builder_version=&#8221;4.27.4&#8243; _module_preset=&#8221;default&#8221; text_text_color=&#8221;#000000&#8243; text_font_size=&#8221;15px&#8221; global_colors_info=&#8221;{}&#8221;]<\/p>\n<p class=\"ai-optimize-6\">Puberty, sex education, and substance use prevention programming for students is our primary focus. We now have <strong>MORE PROGRAM DELIVERY OPTIONS<\/strong> based upon your school&#8217;s needs! Whether it is virtual or in-person, synchronous or asynchronous, our programs will provide your students with the facts to make informed, healthy decisions.<\/p>\n<p class=\"ai-optimize-7\">Below, you can explore and learn more about our delivery options, the benefits of the programming we offer, and the frequently asked questions (FAQs) about our programs.<\/p>\n<p>[\/et_pb_text][\/et_pb_column][et_pb_column type=&#8221;1_2&#8243; _builder_version=&#8221;4.26.0&#8243; _module_preset=&#8221;default&#8221; global_colors_info=&#8221;{}&#8221;][et_pb_video src=&#8221;https:\/\/player.vimeo.com\/video\/617306760?h=f98e3c17a7&#038;dnt=1&#038;app_id=122963&#8243; _builder_version=&#8221;4.26.0&#8243; _module_preset=&#8221;default&#8221; global_colors_info=&#8221;{}&#8221;][\/et_pb_video][\/et_pb_column][\/et_pb_row][\/et_pb_section][et_pb_section fb_built=&#8221;1&#8243; _builder_version=&#8221;4.26.0&#8243; _module_preset=&#8221;default&#8221; custom_padding=&#8221;15px|||||&#8221; da_disable_devices=&#8221;off|off|off&#8221; global_colors_info=&#8221;{}&#8221; da_is_popup=&#8221;off&#8221; da_exit_intent=&#8221;off&#8221; da_has_close=&#8221;on&#8221; da_alt_close=&#8221;off&#8221; da_dark_close=&#8221;off&#8221; da_not_modal=&#8221;on&#8221; da_is_singular=&#8221;off&#8221; da_with_loader=&#8221;off&#8221; da_has_shadow=&#8221;on&#8221;][et_pb_row column_structure=&#8221;1_3,1_3,1_3&#8243; _builder_version=&#8221;4.26.1&#8243; _module_preset=&#8221;default&#8221; max_width=&#8221;1280px&#8221; custom_padding=&#8221;||||true|false&#8221; global_colors_info=&#8221;{}&#8221;][et_pb_column type=&#8221;1_3&#8243; _builder_version=&#8221;4.26.0&#8243; _module_preset=&#8221;default&#8221; global_colors_info=&#8221;{}&#8221;][et_pb_blurb title=&#8221;Delivery Options for Programs&#8221; content_tablet=&#8221;<\/p>\n<p><img class=%22wp-image-8800  aligncenter%22 src=%22https:\/\/candorhealthed.org\/wp-content\/uploads\/2024\/07\/Delivery-ModelsR-300x241-1.png%22 alt=%22%22 width=%22209%22 height=%22168%22 \/><\/p>\n<p>&#8221; content_phone=&#8221;<\/p>\n<p><img class=%22wp-image-8800  aligncenter%22 src=%22https:\/\/candorhealthed.org\/wp-content\/uploads\/2024\/07\/Delivery-ModelsR-300x241-1.png%22 alt=%22%22 width=%22158%22 height=%22127%22 \/><\/p>\n<p>&#8221; content_last_edited=&#8221;on|phone&#8221; _builder_version=&#8221;4.27.0&#8243; _dynamic_attributes=&#8221;link_option_url&#8221; _module_preset=&#8221;default&#8221; header_text_align=&#8221;center&#8221; header_text_color=&#8221;#FFFFFF&#8221; header_font_size=&#8221;30px&#8221; link_option_url=&#8221;@ET-DC@eyJkeW5hbWljIjp0cnVlLCJjb250ZW50IjoicG9zdF9saW5rX3VybF9wYWdlIiwic2V0dGluZ3MiOnsicG9zdF9pZCI6IjkyOTYifX0=@&#8221; header_font_size_tablet=&#8221;25px&#8221; header_font_size_phone=&#8221;25px&#8221; header_font_size_last_edited=&#8221;on|desktop&#8221; custom_css_main_element=&#8221;    margin-top: 28px;||    padding: 60px 9px;||    width: 350px;||    height: 350px;||    border-radius: 270px;||    background-color: #f36e57;||    text-align: center;||\t\tmargin: auto;&#8221; global_colors_info=&#8221;{}&#8221;]<\/p>\n<p><img loading=\"lazy\" decoding=\"async\" class=\"wp-image-8800  aligncenter\" src=\"https:\/\/candorhealthed.org\/wp-content\/uploads\/2024\/07\/Delivery-ModelsR-300x241-1.png\" alt=\"\" width=\"209\" height=\"168\" \/><\/p>\n<p>[\/et_pb_blurb][\/et_pb_column][et_pb_column type=&#8221;1_3&#8243; _builder_version=&#8221;4.26.0&#8243; _module_preset=&#8221;default&#8221; global_colors_info=&#8221;{}&#8221;][et_pb_blurb content_tablet=&#8221;<\/p>\n<p>Program<br \/>Guide<\/p>\n<p><img class=%22alignnone wp-image-8802 size-full%22 src=%22https:\/\/candorhealthed.org\/wp-content\/uploads\/2024\/07\/search-alt1-150x150-1.png%22 alt=%22%22 width=%22150%22 height=%22150%22 \/><\/p>\n<p>&#8221; content_phone=&#8221;<\/p>\n<p>Program <br \/>Guide<\/p>\n<p><img class=%22alignnone wp-image-8802 %22 src=%22https:\/\/candorhealthed.org\/wp-content\/uploads\/2024\/07\/search-alt1-150x150-1.png%22 alt=%22%22 width=%22113%22 height=%22113%22 \/><\/p>\n<p>&#8221; content_last_edited=&#8221;on|phone&#8221; _builder_version=&#8221;4.27.0&#8243; _dynamic_attributes=&#8221;link_option_url&#8221; _module_preset=&#8221;default&#8221; body_text_align=&#8221;center&#8221; body_text_color=&#8221;#FFFFFF&#8221; body_font_size=&#8221;30px&#8221; body_line_height=&#8221;1em&#8221; link_option_url=&#8221;@ET-DC@eyJkeW5hbWljIjp0cnVlLCJjb250ZW50IjoicG9zdF9saW5rX3VybF9wYWdlIiwic2V0dGluZ3MiOnsicG9zdF9pZCI6IjI0MjY1NyJ9fQ==@&#8221; body_font_size_tablet=&#8221;25px&#8221; body_font_size_phone=&#8221;25px&#8221; body_font_size_last_edited=&#8221;on|desktop&#8221; custom_css_main_element=&#8221;margin-top: 28px;||    padding: 60px 9px;||    width: 350px;||    height: 350px;||    border-radius: 270px;||    background-color: #2b3990;||    text-align: center;||\t\tmargin: auto;&#8221; global_colors_info=&#8221;{}&#8221;]<\/p>\n<p>Program<br \/>Guide<\/p>\n<p><img loading=\"lazy\" decoding=\"async\" class=\"alignnone wp-image-8802 size-full\" src=\"https:\/\/candorhealthed.org\/wp-content\/uploads\/2024\/07\/search-alt1-150x150-1.png\" alt=\"\" width=\"150\" height=\"150\" \/><\/p>\n<p>[\/et_pb_blurb][\/et_pb_column][et_pb_column type=&#8221;1_3&#8243; _builder_version=&#8221;4.26.0&#8243; _module_preset=&#8221;default&#8221; global_colors_info=&#8221;{}&#8221;][et_pb_blurb content_tablet=&#8221;<\/p>\n<p>Program FAQs<br \/>for Parents<img class=%22wp-image-8803 size-full aligncenter%22 src=%22https:\/\/candorhealthed.org\/wp-content\/uploads\/2024\/07\/group-150x150-1.png%22 alt=%22%22 width=%22150%22 height=%22150%22 \/><\/p>\n<p>&#8221; content_phone=&#8221;<\/p>\n<p>Program FAQs<br \/>for Parents<img class=%22wp-image-8803  aligncenter%22 src=%22https:\/\/candorhealthed.org\/wp-content\/uploads\/2024\/07\/group-150x150-1.png%22 alt=%22%22 width=%22122%22 height=%22122%22 \/><\/p>\n<p>&#8221; content_last_edited=&#8221;on|phone&#8221; _builder_version=&#8221;4.27.0&#8243; _dynamic_attributes=&#8221;link_option_url&#8221; _module_preset=&#8221;default&#8221; header_text_align=&#8221;center&#8221; header_text_color=&#8221;#FFFFFF&#8221; body_text_align=&#8221;center&#8221; body_text_color=&#8221;#FFFFFF&#8221; body_font_size=&#8221;30px&#8221; body_line_height=&#8221;1em&#8221; link_option_url=&#8221;@ET-DC@eyJkeW5hbWljIjp0cnVlLCJjb250ZW50IjoicG9zdF9saW5rX3VybF9wYWdlIiwic2V0dGluZ3MiOnsicG9zdF9pZCI6Ijg4OTIifX0=@&#8221; body_font_size_tablet=&#8221;25px&#8221; body_font_size_phone=&#8221;25px&#8221; body_font_size_last_edited=&#8221;on|desktop&#8221; custom_css_main_element=&#8221;    margin-top: 28px;||    padding: 60px 9px;||    width: 350px;||    height: 350px;||    border-radius: 270px;||    background-color: #2bb673;||    text-align: center;||\t\tmargin: auto;&#8221; global_colors_info=&#8221;{}&#8221;]<\/p>\n<p>Program FAQs<br \/>for Parents<img loading=\"lazy\" decoding=\"async\" class=\"wp-image-8803 size-full aligncenter\" src=\"https:\/\/candorhealthed.org\/wp-content\/uploads\/2024\/07\/group-150x150-1.png\" alt=\"\" width=\"150\" height=\"150\" \/><\/p>\n<p>[\/et_pb_blurb][\/et_pb_column][\/et_pb_row][\/et_pb_section]<\/p>\n","protected":false},"excerpt":{"rendered":"<p>School\u00a0InformationPuberty, sex education, and substance use prevention programming for students is our primary focus. We now have MORE PROGRAM DELIVERY OPTIONS based upon your school&#8217;s needs! Whether it is virtual or in-person, synchronous or asynchronous, our programs will provide your students with the facts to make informed, healthy decisions. Below, you can explore and learn [&hellip;]<\/p>\n","protected":false},"author":1,"featured_media":0,"parent":0,"menu_order":0,"comment_status":"closed","ping_status":"closed","template":"","meta":{"_acf_changed":false,"_et_pb_use_builder":"on","_et_pb_old_content":"","_et_gb_content_width":"","footnotes":""},"class_list":["post-8794","page","type-page","status-publish","hentry"],"acf":[],"yoast_head":"<!-- This site is optimized with the Yoast SEO Premium plugin v27.3 (Yoast SEO v27.3) - https:\/\/yoast.com\/product\/yoast-seo-premium-wordpress\/ -->\n<title>School Information - Candor Health Education<\/title>\n<meta name=\"robots\" content=\"index, follow, max-snippet:-1, max-image-preview:large, max-video-preview:-1\" \/>\n<link rel=\"canonical\" href=\"https:\/\/candorhealthed.org\/es\/school-information\/\" \/>\n<meta property=\"og:locale\" content=\"es_ES\" \/>\n<meta property=\"og:type\" content=\"article\" \/>\n<meta property=\"og:title\" content=\"School Information\" \/>\n<meta property=\"og:description\" content=\"School\u00a0InformationPuberty, sex education, and substance use prevention programming for students is our primary focus. We now have MORE PROGRAM DELIVERY OPTIONS based upon your school&#039;s needs! Whether it is virtual or in-person, synchronous or asynchronous, our programs will provide your students with the facts to make informed, healthy decisions. Below, you can explore and learn [&hellip;]\" \/>\n<meta property=\"og:url\" content=\"https:\/\/candorhealthed.org\/es\/wp-json\/wp\/v2\/pages\/8794\" \/>\n<meta property=\"og:site_name\" content=\"Candor Health Education\" \/>\n<meta property=\"article:publisher\" content=\"https:\/\/www.facebook.com\/CandorHealthEd\" \/>\n<meta property=\"article:modified_time\" content=\"2025-07-02T15:31:28+00:00\" \/>\n<meta property=\"og:image\" content=\"https:\/\/candorhealthed.org\/wp-content\/uploads\/2024\/07\/Delivery-ModelsR-300x241-1.png\" \/>\n\t<meta property=\"og:image:width\" content=\"300\" \/>\n\t<meta property=\"og:image:height\" content=\"241\" \/>\n\t<meta property=\"og:image:type\" content=\"image\/png\" \/>\n<meta name=\"twitter:card\" content=\"summary_large_image\" \/>\n<meta name=\"twitter:site\" content=\"@candorhealthed\" \/>\n<meta name=\"twitter:label1\" content=\"Tiempo de lectura\" \/>\n\t<meta name=\"twitter:data1\" content=\"4 minutos\" \/>\n<script type=\"application\/ld+json\" class=\"yoast-schema-graph\">{\"@context\":\"https:\\\/\\\/schema.org\",\"@graph\":[{\"@type\":\"WebPage\",\"@id\":\"https:\\\/\\\/candorhealthed.org\\\/school-information\\\/\",\"url\":\"https:\\\/\\\/candorhealthed.org\\\/school-information\\\/\",\"name\":\"School Information - Candor Health Education\",\"isPartOf\":{\"@id\":\"https:\\\/\\\/candorhealthed.org\\\/#website\"},\"primaryImageOfPage\":{\"@id\":\"https:\\\/\\\/candorhealthed.org\\\/school-information\\\/#primaryimage\"},\"image\":{\"@id\":\"https:\\\/\\\/candorhealthed.org\\\/school-information\\\/#primaryimage\"},\"thumbnailUrl\":\"https:\\\/\\\/candorhealthed.org\\\/wp-content\\\/uploads\\\/2024\\\/07\\\/Delivery-ModelsR-300x241-1.png\",\"datePublished\":\"2024-07-16T21:30:01+00:00\",\"dateModified\":\"2025-07-02T15:31:28+00:00\",\"breadcrumb\":{\"@id\":\"https:\\\/\\\/candorhealthed.org\\\/school-information\\\/#breadcrumb\"},\"inLanguage\":\"es\",\"potentialAction\":[{\"@type\":\"ReadAction\",\"target\":[\"https:\\\/\\\/candorhealthed.org\\\/school-information\\\/\"]}]},{\"@type\":\"ImageObject\",\"inLanguage\":\"es\",\"@id\":\"https:\\\/\\\/candorhealthed.org\\\/school-information\\\/#primaryimage\",\"url\":\"https:\\\/\\\/candorhealthed.org\\\/wp-content\\\/uploads\\\/2024\\\/07\\\/Delivery-ModelsR-300x241-1.png\",\"contentUrl\":\"https:\\\/\\\/candorhealthed.org\\\/wp-content\\\/uploads\\\/2024\\\/07\\\/Delivery-ModelsR-300x241-1.png\"},{\"@type\":\"BreadcrumbList\",\"@id\":\"https:\\\/\\\/candorhealthed.org\\\/school-information\\\/#breadcrumb\",\"itemListElement\":[{\"@type\":\"ListItem\",\"position\":1,\"name\":\"Candor Health Education\",\"item\":\"https:\\\/\\\/candorhealthed.org\\\/\"},{\"@type\":\"ListItem\",\"position\":2,\"name\":\"School Information\"}]},{\"@type\":\"WebSite\",\"@id\":\"https:\\\/\\\/candorhealthed.org\\\/#website\",\"url\":\"https:\\\/\\\/candorhealthed.org\\\/\",\"name\":\"Candor Health Education\",\"description\":\"Programs &amp; Resources on Puberty, Sex Ed and Substance Abuse Prevention\",\"publisher\":{\"@id\":\"https:\\\/\\\/candorhealthed.org\\\/#organization\"},\"potentialAction\":[{\"@type\":\"SearchAction\",\"target\":{\"@type\":\"EntryPoint\",\"urlTemplate\":\"https:\\\/\\\/candorhealthed.org\\\/?s={search_term_string}\"},\"query-input\":{\"@type\":\"PropertyValueSpecification\",\"valueRequired\":true,\"valueName\":\"search_term_string\"}}],\"inLanguage\":\"es\"},{\"@type\":\"Organization\",\"@id\":\"https:\\\/\\\/candorhealthed.org\\\/#organization\",\"name\":\"Candor Health Education\",\"url\":\"https:\\\/\\\/candorhealthed.org\\\/\",\"logo\":{\"@type\":\"ImageObject\",\"inLanguage\":\"es\",\"@id\":\"https:\\\/\\\/candorhealthed.org\\\/#\\\/schema\\\/logo\\\/image\\\/\",\"url\":\"https:\\\/\\\/candorhealthed.org\\\/wp-content\\\/uploads\\\/2024\\\/07\\\/50thLogoNEW_Transparent-556x208-1.png\",\"contentUrl\":\"https:\\\/\\\/candorhealthed.org\\\/wp-content\\\/uploads\\\/2024\\\/07\\\/50thLogoNEW_Transparent-556x208-1.png\",\"width\":556,\"height\":208,\"caption\":\"Candor Health Education\"},\"image\":{\"@id\":\"https:\\\/\\\/candorhealthed.org\\\/#\\\/schema\\\/logo\\\/image\\\/\"},\"sameAs\":[\"https:\\\/\\\/www.facebook.com\\\/CandorHealthEd\",\"https:\\\/\\\/x.com\\\/candorhealthed\",\"https:\\\/\\\/www.instagram.com\\\/candorhealthed\\\/\",\"https:\\\/\\\/www.linkedin.com\\\/company\\\/candorhealthed\\\/\",\"https:\\\/\\\/www.pinterest.com\\\/candorhealthed\\\/_created\\\/\"]}]}<\/script>\n<!-- \/ Yoast SEO Premium plugin. -->","yoast_head_json":{"title":"Informaci\u00f3n escolar - Candor Health Education","robots":{"index":"index","follow":"follow","max-snippet":"max-snippet:-1","max-image-preview":"max-image-preview:large","max-video-preview":"max-video-preview:-1"},"canonical":"https:\/\/candorhealthed.org\/es\/school-information\/","og_locale":"es_ES","og_type":"article","og_title":"School Information","og_description":"School\u00a0InformationPuberty, sex education, and substance use prevention programming for students is our primary focus. We now have MORE PROGRAM DELIVERY OPTIONS based upon your school's needs! Whether it is virtual or in-person, synchronous or asynchronous, our programs will provide your students with the facts to make informed, healthy decisions. Below, you can explore and learn [&hellip;]","og_url":"https:\/\/candorhealthed.org\/es\/wp-json\/wp\/v2\/pages\/8794","og_site_name":"Candor Health Education","article_publisher":"https:\/\/www.facebook.com\/CandorHealthEd","article_modified_time":"2025-07-02T15:31:28+00:00","og_image":[{"width":300,"height":241,"url":"https:\/\/candorhealthed.org\/wp-content\/uploads\/2024\/07\/Delivery-ModelsR-300x241-1.png","type":"image\/png"}],"twitter_card":"summary_large_image","twitter_site":"@candorhealthed","twitter_misc":{"Tiempo de lectura":"4 minutos"},"schema":{"@context":"https:\/\/schema.org","@graph":[{"@type":"WebPage","@id":"https:\/\/candorhealthed.org\/school-information\/","url":"https:\/\/candorhealthed.org\/school-information\/","name":"Informaci\u00f3n escolar - Candor Health Education","isPartOf":{"@id":"https:\/\/candorhealthed.org\/#website"},"primaryImageOfPage":{"@id":"https:\/\/candorhealthed.org\/school-information\/#primaryimage"},"image":{"@id":"https:\/\/candorhealthed.org\/school-information\/#primaryimage"},"thumbnailUrl":"https:\/\/candorhealthed.org\/wp-content\/uploads\/2024\/07\/Delivery-ModelsR-300x241-1.png","datePublished":"2024-07-16T21:30:01+00:00","dateModified":"2025-07-02T15:31:28+00:00","breadcrumb":{"@id":"https:\/\/candorhealthed.org\/school-information\/#breadcrumb"},"inLanguage":"es","potentialAction":[{"@type":"ReadAction","target":["https:\/\/candorhealthed.org\/school-information\/"]}]},{"@type":"ImageObject","inLanguage":"es","@id":"https:\/\/candorhealthed.org\/school-information\/#primaryimage","url":"https:\/\/candorhealthed.org\/wp-content\/uploads\/2024\/07\/Delivery-ModelsR-300x241-1.png","contentUrl":"https:\/\/candorhealthed.org\/wp-content\/uploads\/2024\/07\/Delivery-ModelsR-300x241-1.png"},{"@type":"BreadcrumbList","@id":"https:\/\/candorhealthed.org\/school-information\/#breadcrumb","itemListElement":[{"@type":"ListItem","position":1,"name":"Candor Health Education","item":"https:\/\/candorhealthed.org\/"},{"@type":"ListItem","position":2,"name":"School Information"}]},{"@type":"WebSite","@id":"https:\/\/candorhealthed.org\/#website","url":"https:\/\/candorhealthed.org\/","name":"Candor Educaci\u00f3n para la Salud","description":"Programas y recursos sobre pubertad, educaci\u00f3n sexual y prevenci\u00f3n del abuso de sustancias","publisher":{"@id":"https:\/\/candorhealthed.org\/#organization"},"potentialAction":[{"@type":"SearchAction","target":{"@type":"EntryPoint","urlTemplate":"https:\/\/candorhealthed.org\/?s={search_term_string}"},"query-input":{"@type":"PropertyValueSpecification","valueRequired":true,"valueName":"search_term_string"}}],"inLanguage":"es"},{"@type":"Organization","@id":"https:\/\/candorhealthed.org\/#organization","name":"Candor Educaci\u00f3n para la Salud","url":"https:\/\/candorhealthed.org\/","logo":{"@type":"ImageObject","inLanguage":"es","@id":"https:\/\/candorhealthed.org\/#\/schema\/logo\/image\/","url":"https:\/\/candorhealthed.org\/wp-content\/uploads\/2024\/07\/50thLogoNEW_Transparent-556x208-1.png","contentUrl":"https:\/\/candorhealthed.org\/wp-content\/uploads\/2024\/07\/50thLogoNEW_Transparent-556x208-1.png","width":556,"height":208,"caption":"Candor Health Education"},"image":{"@id":"https:\/\/candorhealthed.org\/#\/schema\/logo\/image\/"},"sameAs":["https:\/\/www.facebook.com\/CandorHealthEd","https:\/\/x.com\/candorhealthed","https:\/\/www.instagram.com\/candorhealthed\/","https:\/\/www.linkedin.com\/company\/candorhealthed\/","https:\/\/www.pinterest.com\/candorhealthed\/_created\/"]}]}},"_links":{"self":[{"href":"https:\/\/candorhealthed.org\/es\/wp-json\/wp\/v2\/pages\/8794","targetHints":{"allow":["GET"]}}],"collection":[{"href":"https:\/\/candorhealthed.org\/es\/wp-json\/wp\/v2\/pages"}],"about":[{"href":"https:\/\/candorhealthed.org\/es\/wp-json\/wp\/v2\/types\/page"}],"author":[{"embeddable":true,"href":"https:\/\/candorhealthed.org\/es\/wp-json\/wp\/v2\/users\/1"}],"replies":[{"embeddable":true,"href":"https:\/\/candorhealthed.org\/es\/wp-json\/wp\/v2\/comments?post=8794"}],"version-history":[{"count":5,"href":"https:\/\/candorhealthed.org\/es\/wp-json\/wp\/v2\/pages\/8794\/revisions"}],"predecessor-version":[{"id":245830,"href":"https:\/\/candorhealthed.org\/es\/wp-json\/wp\/v2\/pages\/8794\/revisions\/245830"}],"wp:attachment":[{"href":"https:\/\/candorhealthed.org\/es\/wp-json\/wp\/v2\/media?parent=8794"}],"curies":[{"name":"wp","href":"https:\/\/api.w.org\/{rel}","templated":true}]}}