{"id":9012,"date":"2024-08-05T19:28:52","date_gmt":"2024-08-05T19:28:52","guid":{"rendered":"https:\/\/candorhealthed.org\/?page_id=9012"},"modified":"2024-11-19T17:04:51","modified_gmt":"2024-11-19T17:04:51","slug":"resources-sex-education","status":"publish","type":"page","link":"https:\/\/candorhealthed.org\/es\/parent-information\/family-resources\/resources-sex-education\/","title":{"rendered":"Recursos Educaci\u00f3n sexual"},"content":{"rendered":"<p>[et_pb_section fb_built=&#8221;1&#8243; _builder_version=&#8221;4.27.0&#8243; _module_preset=&#8221;default&#8221; custom_padding=&#8221;12px||31px|||&#8221; da_disable_devices=&#8221;off|off|off&#8221; global_module=&#8221;242602&#8243; saved_tabs=&#8221;all&#8221; global_colors_info=&#8221;{}&#8221; da_is_popup=&#8221;off&#8221; da_exit_intent=&#8221;off&#8221; da_has_close=&#8221;on&#8221; da_alt_close=&#8221;off&#8221; da_dark_close=&#8221;off&#8221; da_not_modal=&#8221;on&#8221; da_is_singular=&#8221;off&#8221; da_with_loader=&#8221;off&#8221; da_has_shadow=&#8221;on&#8221;][et_pb_row column_structure=&#8221;3_5,2_5&#8243; _builder_version=&#8221;4.27.0&#8243; _module_preset=&#8221;default&#8221; max_width=&#8221;1280px&#8221; global_colors_info=&#8221;{}&#8221;][et_pb_column type=&#8221;3_5&#8243; _builder_version=&#8221;4.27.0&#8243; _module_preset=&#8221;default&#8221; global_colors_info=&#8221;{}&#8221;][\/et_pb_column][et_pb_column type=&#8221;2_5&#8243; _builder_version=&#8221;4.27.0&#8243; _module_preset=&#8221;default&#8221; global_colors_info=&#8221;{}&#8221;][et_pb_button button_url=&#8221;@ET-DC@eyJkeW5hbWljIjp0cnVlLCJjb250ZW50IjoicG9zdF9saW5rX3VybF9wYWdlIiwic2V0dGluZ3MiOnsicG9zdF9pZCI6IjI0MzMxNSJ9fQ==@&#8221; button_text=&#8221;Subscribe to our Newsletter&#8221; button_alignment=&#8221;left&#8221; button_alignment_tablet=&#8221;left&#8221; button_alignment_phone=&#8221;center&#8221; button_alignment_last_edited=&#8221;on|phone&#8221; _builder_version=&#8221;4.27.0&#8243; _dynamic_attributes=&#8221;button_url&#8221; _module_preset=&#8221;default&#8221; custom_button=&#8221;on&#8221; button_text_size=&#8221;15px&#8221; button_text_color=&#8221;#FFFFFF&#8221; button_bg_color=&#8221;#2b3990&#8243; button_border_color=&#8221;#2b3990&#8243; button_border_radius=&#8221;50px&#8221; button_font=&#8221;|700|||||||&#8221; button_icon=&#8221;&#xe046;||divi||400&#8243; button_on_hover=&#8221;off&#8221; custom_padding=&#8221;0.8rem|0rem|0.8rem|0rem|true|true&#8221; custom_padding_tablet=&#8221;1rem|1rem|1rem|1rem|true|true&#8221; custom_padding_phone=&#8221;1rem|4rem|1rem|4rem|true|true&#8221; custom_padding_last_edited=&#8221;on|phone&#8221; button_text_size_tablet=&#8221;18px&#8221; button_text_size_phone=&#8221;13px&#8221; button_text_size_last_edited=&#8221;on|phone&#8221; button_border_color_last_edited=&#8221;off|desktop&#8221; custom_css_main_element=&#8221;width: 100%;||text-align: center;&#8221; global_colors_info=&#8221;{}&#8221; button_text_color__hover=&#8221;#FFFFFF&#8221; button_text_color__hover_enabled=&#8221;on|desktop&#8221; button_bg_color__hover_enabled=&#8221;on|hover&#8221; button_bg_color__hover=&#8221;#1b75bc&#8221; button_bg_enable_color__hover=&#8221;on&#8221; button_border_color__hover_enabled=&#8221;on|hover&#8221; button_border_color__hover=&#8221;#1b75bc&#8221;][\/et_pb_button][\/et_pb_column][\/et_pb_row][\/et_pb_section][et_pb_section fb_built=&#8221;1&#8243; _builder_version=&#8221;4.26.0&#8243; _module_preset=&#8221;default&#8221; custom_padding=&#8221;6px||0px||false|false&#8221; da_disable_devices=&#8221;off|off|off&#8221; global_colors_info=&#8221;{}&#8221; da_is_popup=&#8221;off&#8221; da_exit_intent=&#8221;off&#8221; da_has_close=&#8221;on&#8221; da_alt_close=&#8221;off&#8221; da_dark_close=&#8221;off&#8221; da_not_modal=&#8221;on&#8221; da_is_singular=&#8221;off&#8221; da_with_loader=&#8221;off&#8221; da_has_shadow=&#8221;on&#8221;][et_pb_row _builder_version=&#8221;4.26.1&#8243; _module_preset=&#8221;default&#8221; max_width=&#8221;1280px&#8221; custom_padding=&#8221;10px||5px|||&#8221; global_colors_info=&#8221;{}&#8221;][et_pb_column type=&#8221;4_4&#8243; _builder_version=&#8221;4.26.0&#8243; _module_preset=&#8221;default&#8221; global_colors_info=&#8221;{}&#8221;][et_pb_text _builder_version=&#8221;4.27.0&#8243; _module_preset=&#8221;default&#8221; header_font=&#8221;|||on|||||&#8221; header_text_align=&#8221;left&#8221; header_text_color=&#8221;#2b3990&#8243; header_font_size=&#8221;52px&#8221; text_orientation=&#8221;center&#8221; header_font_size_tablet=&#8221;31px&#8221; header_font_size_phone=&#8221;28px&#8221; header_font_size_last_edited=&#8221;on|tablet&#8221; locked=&#8221;off&#8221; global_colors_info=&#8221;{}&#8221;]<\/p>\n<h1 style=\"font-weight: 300;\">Resources on <strong>Sex Education<\/strong><\/h1>\n<p>[\/et_pb_text][\/et_pb_column][\/et_pb_row][\/et_pb_section][et_pb_section fb_built=&#8221;1&#8243; _builder_version=&#8221;4.26.0&#8243; _module_preset=&#8221;default&#8221; custom_padding=&#8221;15px|||||&#8221; da_disable_devices=&#8221;off|off|off&#8221; global_colors_info=&#8221;{}&#8221; da_is_popup=&#8221;off&#8221; da_exit_intent=&#8221;off&#8221; da_has_close=&#8221;on&#8221; da_alt_close=&#8221;off&#8221; da_dark_close=&#8221;off&#8221; da_not_modal=&#8221;on&#8221; da_is_singular=&#8221;off&#8221; da_with_loader=&#8221;off&#8221; da_has_shadow=&#8221;on&#8221;][et_pb_row column_structure=&#8221;1_3,1_3,1_3&#8243; _builder_version=&#8221;4.27.0&#8243; _module_preset=&#8221;default&#8221; max_width=&#8221;1280px&#8221; custom_padding=&#8221;||||true|false&#8221; hover_enabled=&#8221;0&#8243; global_colors_info=&#8221;{}&#8221; sticky_enabled=&#8221;0&#8243;][et_pb_column type=&#8221;1_3&#8243; _builder_version=&#8221;4.26.0&#8243; _module_preset=&#8221;default&#8221; hover_enabled=&#8221;0&#8243; global_colors_info=&#8221;{}&#8221; sticky_enabled=&#8221;0&#8243;][et_pb_blurb alt=&#8221;%22%22&#8243; content_last_edited=&#8221;off|tablet&#8221; _builder_version=&#8221;4.27.0&#8243; _dynamic_attributes=&#8221;link_option_url&#8221; _module_preset=&#8221;default&#8221; body_text_align=&#8221;center&#8221; body_text_color=&#8221;#FFFFFF&#8221; body_font_size=&#8221;30px&#8221; body_line_height=&#8221;1em&#8221; link_option_url=&#8221;@ET-DC@eyJkeW5hbWljIjp0cnVlLCJjb250ZW50IjoicG9zdF9saW5rX3VybF9wYWdlIiwic2V0dGluZ3MiOnsicG9zdF9pZCI6IjI0Mzg3MSJ9fQ==@&#8221; body_font_size_tablet=&#8221;25px&#8221; body_font_size_phone=&#8221;21px&#8221; body_font_size_last_edited=&#8221;on|desktop&#8221; custom_css_main_element=&#8221;    margin-top: 28px;||    padding: 60px 9px;||    width: 350px;||    height: 350px;||    border-radius: 270px;||    background-color: #2bb673;||    text-align: center;||\t\tmargin: auto;&#8221; global_colors_info=&#8221;{}&#8221; custom_css_main_element_last_edited=&#8221;off|tablet&#8221; custom_css_main_element_phone=&#8221;margin-top: 28px;|| padding: 60px 9px;|| width: 300px;|| height: 300px;|| border-radius: 270px;|| background-color: #2b3990;|| text-align: center;|| margin: auto;&#8221; custom_css_main_element_tablet=&#8221;margin-top: 28px;|| padding: 60px 9px;|| width: 350px;|| height: 350px;|| border-radius: 270px;|| background-color: #2b3990;|| text-align: center;|| margin: auto;&#8221; content__hover_enabled=&#8221;off|desktop&#8221; sticky_enabled=&#8221;0&#8243; header_text_align=&#8221;center&#8221; header_text_color=&#8221;#FFFFFF&#8221; custom_padding=&#8221;|2rem||2rem|false|true&#8221; custom_padding_tablet=&#8221;|2rem||2rem|false|true&#8221; custom_padding_phone=&#8221;|4rem||4rem|false|true&#8221; custom_padding_last_edited=&#8221;on|phone&#8221; hover_enabled=&#8221;0&#8243;]<\/p>\n<p>Puberty &amp;<br \/>Development<br \/><img loading=\"lazy\" decoding=\"async\" class=\"alignnone wp-image-8896 \" style=\"padding-top: 0.5rem;\" src=\"https:\/\/candorhealthed.org\/wp-content\/uploads\/2024\/07\/growth_white-214x300-1.png\" alt=\"\" width=\"112\" height=\"157\" \/><\/p>\n<p>[\/et_pb_blurb][\/et_pb_column][et_pb_column type=&#8221;1_3&#8243; _builder_version=&#8221;4.26.0&#8243; _module_preset=&#8221;default&#8221; global_colors_info=&#8221;{}&#8221;][et_pb_blurb alt=&#8221;%22%22&#8243; content_last_edited=&#8221;off|phone&#8221; _builder_version=&#8221;4.27.0&#8243; _dynamic_attributes=&#8221;link_option_url&#8221; _module_preset=&#8221;default&#8221; body_text_align=&#8221;center&#8221; body_text_color=&#8221;#FFFFFF&#8221; body_font_size=&#8221;30px&#8221; body_line_height=&#8221;1em&#8221; link_option_url=&#8221;@ET-DC@eyJkeW5hbWljIjp0cnVlLCJjb250ZW50IjoicG9zdF9saW5rX3VybF9wYWdlIiwic2V0dGluZ3MiOnsicG9zdF9pZCI6IjI0Mzg4MiJ9fQ==@&#8221; body_font_size_tablet=&#8221;25px&#8221; body_font_size_phone=&#8221;21px&#8221; body_font_size_last_edited=&#8221;on|desktop&#8221; custom_css_main_element=&#8221;margin-top: 28px;||    padding: 60px 9px;||    width: 350px;||    height: 350px;||    border-radius: 270px;||    background-color: #1E73B7;||    text-align: center;||\t\tmargin: auto;&#8221; global_colors_info=&#8221;{}&#8221; custom_css_main_element_last_edited=&#8221;off|tablet&#8221; custom_css_main_element_phone=&#8221; margin-top: 28px;|| padding: 60px 9px;|| width: 300px;|| height: 300px;|| border-radius: 270px;|| background-color: #f36e57;|| text-align: center;|| margin: auto;&#8221; custom_css_main_element_tablet=&#8221; margin-top: 28px;|| padding: 60px 9px;|| width: 350px;|| height: 350px;|| border-radius: 270px;|| background-color: #f36e57;|| text-align: center;|| margin: auto;&#8221; sticky_enabled=&#8221;0&#8243; custom_padding=&#8221;|3rem||3rem|false|true&#8221; custom_padding_tablet=&#8221;|5rem||5rem|false|true&#8221; custom_padding_phone=&#8221;|5rem||5rem|false|true&#8221; custom_padding_last_edited=&#8221;on|desktop&#8221; hover_enabled=&#8221;0&#8243;]<\/p>\n<p>Teen Sexual<br \/>Health<br \/><img loading=\"lazy\" decoding=\"async\" class=\"alignnone wp-image-8897 \" style=\"padding-top: 0.5rem;\" src=\"https:\/\/candorhealthed.org\/wp-content\/uploads\/2024\/07\/health-white-150x150-1.png\" alt=\"\" width=\"150\" height=\"150\" \/><\/p>\n<p>[\/et_pb_blurb][\/et_pb_column][et_pb_column type=&#8221;1_3&#8243; _builder_version=&#8221;4.26.1&#8243; _module_preset=&#8221;default&#8221; global_colors_info=&#8221;{}&#8221;][et_pb_blurb alt=&#8221;%22%22&#8243; content_last_edited=&#8221;off|phone&#8221; _builder_version=&#8221;4.27.0&#8243; _dynamic_attributes=&#8221;link_option_url&#8221; _module_preset=&#8221;default&#8221; body_text_align=&#8221;center&#8221; body_text_color=&#8221;#FFFFFF&#8221; body_font_size=&#8221;30px&#8221; body_line_height=&#8221;1em&#8221; link_option_url=&#8221;@ET-DC@eyJkeW5hbWljIjp0cnVlLCJjb250ZW50IjoicG9zdF9saW5rX3VybF9wYWdlIiwic2V0dGluZ3MiOnsicG9zdF9pZCI6IjI0MzkwMiJ9fQ==@&#8221; body_font_size_tablet=&#8221;25px&#8221; body_font_size_phone=&#8221;21px&#8221; body_font_size_last_edited=&#8221;on|desktop&#8221; custom_css_main_element=&#8221;margin-top: 28px;||    padding: 60px 9px;||    width: 350px;||    height: 350px;||    border-radius: 270px;||    background-color: #F36E57;||    text-align: center;||\t\tmargin: auto;&#8221; global_colors_info=&#8221;{}&#8221; custom_css_main_element_last_edited=&#8221;off|tablet&#8221; custom_css_main_element_phone=&#8221; margin-top: 28px;|| padding: 60px 9px;|| width: 300px;|| height: 300px;|| border-radius: 270px;|| background-color: #62b1b4;|| text-align: center;|| margin: auto;&#8221; custom_css_main_element_tablet=&#8221; margin-top: 28px;|| padding: 60px 9px;|| width: 350px;|| height: 350px;|| border-radius: 270px;|| background-color: #62b1b4;|| text-align: center;|| margin: auto;&#8221; custom_padding=&#8221;|3rem||3rem|false|true&#8221; custom_padding_tablet=&#8221;|5rem||5rem|false|true&#8221; custom_padding_phone=&#8221;|5rem||5rem|false|true&#8221; custom_padding_last_edited=&#8221;on|desktop&#8221; hover_enabled=&#8221;0&#8243; sticky_enabled=&#8221;0&#8243;]<\/p>\n<p>Consent<br \/>Information<br \/><img loading=\"lazy\" decoding=\"async\" class=\"alignnone wp-image-9016 \" style=\"padding-top: 0.5rem;\" src=\"https:\/\/candorhealthed.org\/wp-content\/uploads\/2024\/08\/checkbox-150x150-1.png\" alt=\"\" width=\"150\" height=\"158\" \/><\/p>\n<p>[\/et_pb_blurb][\/et_pb_column][\/et_pb_row][\/et_pb_section]<\/p>\n","protected":false},"excerpt":{"rendered":"<p>Recursos sobre educaci\u00f3n sexual Pubertad y desarrolloSalud sexual de los adolescentesInformaci\u00f3n sobre el consentimiento<\/p>","protected":false},"author":1,"featured_media":0,"parent":8905,"menu_order":0,"comment_status":"closed","ping_status":"closed","template":"","meta":{"_acf_changed":false,"_et_pb_use_builder":"on","_et_pb_old_content":"","_et_gb_content_width":"","footnotes":""},"class_list":["post-9012","page","type-page","status-publish","hentry"],"acf":[],"yoast_head":"<!-- This site is optimized with the Yoast SEO Premium plugin v27.3 (Yoast SEO v27.3) - https:\/\/yoast.com\/product\/yoast-seo-premium-wordpress\/ -->\n<title>Resources Sex Education - Candor Health Education<\/title>\n<meta name=\"robots\" content=\"index, follow, max-snippet:-1, max-image-preview:large, max-video-preview:-1\" \/>\n<link rel=\"canonical\" href=\"https:\/\/candorhealthed.org\/es\/parent-information\/family-resources\/resources-sex-education\/\" \/>\n<meta property=\"og:locale\" content=\"es_ES\" \/>\n<meta property=\"og:type\" content=\"article\" \/>\n<meta property=\"og:title\" content=\"Resources Sex Education\" \/>\n<meta property=\"og:description\" content=\"Resources on Sex Education Puberty &amp;DevelopmentTeen SexualHealthConsentInformation\" \/>\n<meta property=\"og:url\" content=\"https:\/\/candorhealthed.org\/es\/wp-json\/wp\/v2\/pages\/9012\" \/>\n<meta property=\"og:site_name\" content=\"Candor Health Education\" \/>\n<meta property=\"article:publisher\" content=\"https:\/\/www.facebook.com\/CandorHealthEd\" \/>\n<meta property=\"article:modified_time\" content=\"2024-11-19T17:04:51+00:00\" \/>\n<meta property=\"og:image\" content=\"https:\/\/candorhealthed.org\/wp-content\/uploads\/2024\/07\/growth_white-214x300-1.png\" \/>\n\t<meta property=\"og:image:width\" content=\"214\" \/>\n\t<meta property=\"og:image:height\" content=\"300\" \/>\n\t<meta property=\"og:image:type\" content=\"image\/png\" \/>\n<meta name=\"twitter:card\" content=\"summary_large_image\" \/>\n<meta name=\"twitter:site\" content=\"@candorhealthed\" \/>\n<meta name=\"twitter:label1\" content=\"Tiempo de lectura\" \/>\n\t<meta name=\"twitter:data1\" content=\"1 minuto\" \/>\n<script type=\"application\/ld+json\" class=\"yoast-schema-graph\">{\"@context\":\"https:\\\/\\\/schema.org\",\"@graph\":[{\"@type\":\"WebPage\",\"@id\":\"https:\\\/\\\/candorhealthed.org\\\/parent-information\\\/family-resources\\\/resources-sex-education\\\/\",\"url\":\"https:\\\/\\\/candorhealthed.org\\\/parent-information\\\/family-resources\\\/resources-sex-education\\\/\",\"name\":\"Resources Sex Education - Candor Health Education\",\"isPartOf\":{\"@id\":\"https:\\\/\\\/candorhealthed.org\\\/#website\"},\"primaryImageOfPage\":{\"@id\":\"https:\\\/\\\/candorhealthed.org\\\/parent-information\\\/family-resources\\\/resources-sex-education\\\/#primaryimage\"},\"image\":{\"@id\":\"https:\\\/\\\/candorhealthed.org\\\/parent-information\\\/family-resources\\\/resources-sex-education\\\/#primaryimage\"},\"thumbnailUrl\":\"https:\\\/\\\/candorhealthed.org\\\/wp-content\\\/uploads\\\/2024\\\/07\\\/growth_white-214x300-1.png\",\"datePublished\":\"2024-08-05T19:28:52+00:00\",\"dateModified\":\"2024-11-19T17:04:51+00:00\",\"breadcrumb\":{\"@id\":\"https:\\\/\\\/candorhealthed.org\\\/parent-information\\\/family-resources\\\/resources-sex-education\\\/#breadcrumb\"},\"inLanguage\":\"es\",\"potentialAction\":[{\"@type\":\"ReadAction\",\"target\":[\"https:\\\/\\\/candorhealthed.org\\\/parent-information\\\/family-resources\\\/resources-sex-education\\\/\"]}]},{\"@type\":\"ImageObject\",\"inLanguage\":\"es\",\"@id\":\"https:\\\/\\\/candorhealthed.org\\\/parent-information\\\/family-resources\\\/resources-sex-education\\\/#primaryimage\",\"url\":\"https:\\\/\\\/candorhealthed.org\\\/wp-content\\\/uploads\\\/2024\\\/07\\\/growth_white-214x300-1.png\",\"contentUrl\":\"https:\\\/\\\/candorhealthed.org\\\/wp-content\\\/uploads\\\/2024\\\/07\\\/growth_white-214x300-1.png\"},{\"@type\":\"BreadcrumbList\",\"@id\":\"https:\\\/\\\/candorhealthed.org\\\/parent-information\\\/family-resources\\\/resources-sex-education\\\/#breadcrumb\",\"itemListElement\":[{\"@type\":\"ListItem\",\"position\":1,\"name\":\"Candor Health Education\",\"item\":\"https:\\\/\\\/candorhealthed.org\\\/\"},{\"@type\":\"ListItem\",\"position\":2,\"name\":\"Parents Information\",\"item\":\"https:\\\/\\\/candorhealthed.org\\\/parent-information\\\/\"},{\"@type\":\"ListItem\",\"position\":3,\"name\":\"Family Resources\",\"item\":\"https:\\\/\\\/candorhealthed.org\\\/parent-information\\\/family-resources\\\/\"},{\"@type\":\"ListItem\",\"position\":4,\"name\":\"Resources Sex Education\"}]},{\"@type\":\"WebSite\",\"@id\":\"https:\\\/\\\/candorhealthed.org\\\/#website\",\"url\":\"https:\\\/\\\/candorhealthed.org\\\/\",\"name\":\"Candor Health Education\",\"description\":\"Programs &amp; Resources on Puberty, Sex Ed and Substance Abuse Prevention\",\"publisher\":{\"@id\":\"https:\\\/\\\/candorhealthed.org\\\/#organization\"},\"potentialAction\":[{\"@type\":\"SearchAction\",\"target\":{\"@type\":\"EntryPoint\",\"urlTemplate\":\"https:\\\/\\\/candorhealthed.org\\\/?s={search_term_string}\"},\"query-input\":{\"@type\":\"PropertyValueSpecification\",\"valueRequired\":true,\"valueName\":\"search_term_string\"}}],\"inLanguage\":\"es\"},{\"@type\":\"Organization\",\"@id\":\"https:\\\/\\\/candorhealthed.org\\\/#organization\",\"name\":\"Candor Health Education\",\"url\":\"https:\\\/\\\/candorhealthed.org\\\/\",\"logo\":{\"@type\":\"ImageObject\",\"inLanguage\":\"es\",\"@id\":\"https:\\\/\\\/candorhealthed.org\\\/#\\\/schema\\\/logo\\\/image\\\/\",\"url\":\"https:\\\/\\\/candorhealthed.org\\\/wp-content\\\/uploads\\\/2024\\\/07\\\/50thLogoNEW_Transparent-556x208-1.png\",\"contentUrl\":\"https:\\\/\\\/candorhealthed.org\\\/wp-content\\\/uploads\\\/2024\\\/07\\\/50thLogoNEW_Transparent-556x208-1.png\",\"width\":556,\"height\":208,\"caption\":\"Candor Health Education\"},\"image\":{\"@id\":\"https:\\\/\\\/candorhealthed.org\\\/#\\\/schema\\\/logo\\\/image\\\/\"},\"sameAs\":[\"https:\\\/\\\/www.facebook.com\\\/CandorHealthEd\",\"https:\\\/\\\/x.com\\\/candorhealthed\",\"https:\\\/\\\/www.instagram.com\\\/candorhealthed\\\/\",\"https:\\\/\\\/www.linkedin.com\\\/company\\\/candorhealthed\\\/\",\"https:\\\/\\\/www.pinterest.com\\\/candorhealthed\\\/_created\\\/\"]}]}<\/script>\n<!-- \/ Yoast SEO Premium plugin. -->","yoast_head_json":{"title":"Recursos Educaci\u00f3n sexual - Candor Health Education","robots":{"index":"index","follow":"follow","max-snippet":"max-snippet:-1","max-image-preview":"max-image-preview:large","max-video-preview":"max-video-preview:-1"},"canonical":"https:\/\/candorhealthed.org\/es\/parent-information\/family-resources\/resources-sex-education\/","og_locale":"es_ES","og_type":"article","og_title":"Resources Sex Education","og_description":"Resources on Sex Education Puberty &amp;DevelopmentTeen SexualHealthConsentInformation","og_url":"https:\/\/candorhealthed.org\/es\/wp-json\/wp\/v2\/pages\/9012","og_site_name":"Candor Health Education","article_publisher":"https:\/\/www.facebook.com\/CandorHealthEd","article_modified_time":"2024-11-19T17:04:51+00:00","og_image":[{"width":214,"height":300,"url":"https:\/\/candorhealthed.org\/wp-content\/uploads\/2024\/07\/growth_white-214x300-1.png","type":"image\/png"}],"twitter_card":"summary_large_image","twitter_site":"@candorhealthed","twitter_misc":{"Tiempo de lectura":"1 minuto"},"schema":{"@context":"https:\/\/schema.org","@graph":[{"@type":"WebPage","@id":"https:\/\/candorhealthed.org\/parent-information\/family-resources\/resources-sex-education\/","url":"https:\/\/candorhealthed.org\/parent-information\/family-resources\/resources-sex-education\/","name":"Recursos Educaci\u00f3n sexual - Candor Health Education","isPartOf":{"@id":"https:\/\/candorhealthed.org\/#website"},"primaryImageOfPage":{"@id":"https:\/\/candorhealthed.org\/parent-information\/family-resources\/resources-sex-education\/#primaryimage"},"image":{"@id":"https:\/\/candorhealthed.org\/parent-information\/family-resources\/resources-sex-education\/#primaryimage"},"thumbnailUrl":"https:\/\/candorhealthed.org\/wp-content\/uploads\/2024\/07\/growth_white-214x300-1.png","datePublished":"2024-08-05T19:28:52+00:00","dateModified":"2024-11-19T17:04:51+00:00","breadcrumb":{"@id":"https:\/\/candorhealthed.org\/parent-information\/family-resources\/resources-sex-education\/#breadcrumb"},"inLanguage":"es","potentialAction":[{"@type":"ReadAction","target":["https:\/\/candorhealthed.org\/parent-information\/family-resources\/resources-sex-education\/"]}]},{"@type":"ImageObject","inLanguage":"es","@id":"https:\/\/candorhealthed.org\/parent-information\/family-resources\/resources-sex-education\/#primaryimage","url":"https:\/\/candorhealthed.org\/wp-content\/uploads\/2024\/07\/growth_white-214x300-1.png","contentUrl":"https:\/\/candorhealthed.org\/wp-content\/uploads\/2024\/07\/growth_white-214x300-1.png"},{"@type":"BreadcrumbList","@id":"https:\/\/candorhealthed.org\/parent-information\/family-resources\/resources-sex-education\/#breadcrumb","itemListElement":[{"@type":"ListItem","position":1,"name":"Candor Health Education","item":"https:\/\/candorhealthed.org\/"},{"@type":"ListItem","position":2,"name":"Parents Information","item":"https:\/\/candorhealthed.org\/parent-information\/"},{"@type":"ListItem","position":3,"name":"Family Resources","item":"https:\/\/candorhealthed.org\/parent-information\/family-resources\/"},{"@type":"ListItem","position":4,"name":"Resources Sex Education"}]},{"@type":"WebSite","@id":"https:\/\/candorhealthed.org\/#website","url":"https:\/\/candorhealthed.org\/","name":"Candor Educaci\u00f3n para la Salud","description":"Programas y recursos sobre pubertad, educaci\u00f3n sexual y prevenci\u00f3n del abuso de sustancias","publisher":{"@id":"https:\/\/candorhealthed.org\/#organization"},"potentialAction":[{"@type":"SearchAction","target":{"@type":"EntryPoint","urlTemplate":"https:\/\/candorhealthed.org\/?s={search_term_string}"},"query-input":{"@type":"PropertyValueSpecification","valueRequired":true,"valueName":"search_term_string"}}],"inLanguage":"es"},{"@type":"Organization","@id":"https:\/\/candorhealthed.org\/#organization","name":"Candor Educaci\u00f3n para la Salud","url":"https:\/\/candorhealthed.org\/","logo":{"@type":"ImageObject","inLanguage":"es","@id":"https:\/\/candorhealthed.org\/#\/schema\/logo\/image\/","url":"https:\/\/candorhealthed.org\/wp-content\/uploads\/2024\/07\/50thLogoNEW_Transparent-556x208-1.png","contentUrl":"https:\/\/candorhealthed.org\/wp-content\/uploads\/2024\/07\/50thLogoNEW_Transparent-556x208-1.png","width":556,"height":208,"caption":"Candor Health Education"},"image":{"@id":"https:\/\/candorhealthed.org\/#\/schema\/logo\/image\/"},"sameAs":["https:\/\/www.facebook.com\/CandorHealthEd","https:\/\/x.com\/candorhealthed","https:\/\/www.instagram.com\/candorhealthed\/","https:\/\/www.linkedin.com\/company\/candorhealthed\/","https:\/\/www.pinterest.com\/candorhealthed\/_created\/"]}]}},"_links":{"self":[{"href":"https:\/\/candorhealthed.org\/es\/wp-json\/wp\/v2\/pages\/9012","targetHints":{"allow":["GET"]}}],"collection":[{"href":"https:\/\/candorhealthed.org\/es\/wp-json\/wp\/v2\/pages"}],"about":[{"href":"https:\/\/candorhealthed.org\/es\/wp-json\/wp\/v2\/types\/page"}],"author":[{"embeddable":true,"href":"https:\/\/candorhealthed.org\/es\/wp-json\/wp\/v2\/users\/1"}],"replies":[{"embeddable":true,"href":"https:\/\/candorhealthed.org\/es\/wp-json\/wp\/v2\/comments?post=9012"}],"version-history":[{"count":5,"href":"https:\/\/candorhealthed.org\/es\/wp-json\/wp\/v2\/pages\/9012\/revisions"}],"predecessor-version":[{"id":244435,"href":"https:\/\/candorhealthed.org\/es\/wp-json\/wp\/v2\/pages\/9012\/revisions\/244435"}],"up":[{"embeddable":true,"href":"https:\/\/candorhealthed.org\/es\/wp-json\/wp\/v2\/pages\/8905"}],"wp:attachment":[{"href":"https:\/\/candorhealthed.org\/es\/wp-json\/wp\/v2\/media?parent=9012"}],"curies":[{"name":"wp","href":"https:\/\/api.w.org\/{rel}","templated":true}]}}